{"id":995,"date":"2024-02-27T16:03:27","date_gmt":"2024-02-27T16:03:27","guid":{"rendered":"https:\/\/klarheit-edu.de\/?page_id=995"},"modified":"2024-11-24T21:13:47","modified_gmt":"2024-11-24T21:13:47","slug":"nachhilfestunden","status":"publish","type":"page","link":"https:\/\/lernkompass-ug.de\/index.php\/nachhilfestunden\/","title":{"rendered":"Nachhilfestunden"},"content":{"rendered":"\t\t<div data-elementor-type=\"wp-page\" data-elementor-id=\"995\" class=\"elementor elementor-995\">\n\t\t\t\t\t\t<section class=\"elementor-section elementor-top-section elementor-element elementor-element-74920737 ct-section-stretched elementor-section-boxed elementor-section-height-default elementor-section-height-default\" data-id=\"74920737\" data-element_type=\"section\" data-settings=\"{&quot;background_background&quot;:&quot;classic&quot;}\">\n\t\t\t\t\t\t\t<div class=\"elementor-background-overlay\"><\/div>\n\t\t\t\t\t\t\t<div class=\"elementor-container elementor-column-gap-default\">\n\t\t\t\t\t<div class=\"elementor-column elementor-col-100 elementor-top-column elementor-element elementor-element-76584629\" data-id=\"76584629\" data-element_type=\"column\">\n\t\t\t<div class=\"elementor-widget-wrap elementor-element-populated\">\n\t\t\t\t\t\t<div class=\"elementor-element elementor-element-2fd9dc90 elementor-widget elementor-widget-heading\" data-id=\"2fd9dc90\" data-element_type=\"widget\" data-widget_type=\"heading.default\">\n\t\t\t\t<div class=\"elementor-widget-container\">\n\t\t\t\t\t<h2 class=\"elementor-heading-title elementor-size-default\">Nachhilfestunden<\/h2>\t\t\t\t<\/div>\n\t\t\t\t<\/div>\n\t\t\t\t\t<\/div>\n\t\t<\/div>\n\t\t\t\t\t<\/div>\n\t\t<\/section>\n\t\t<div class=\"elementor-element elementor-element-761487a e-flex e-con-boxed e-con e-parent\" data-id=\"761487a\" data-element_type=\"container\">\n\t\t\t\t\t<div class=\"e-con-inner\">\n\t\t\t\t<div class=\"elementor-element elementor-element-8e26777 elementor-widget elementor-widget-heading\" data-id=\"8e26777\" data-element_type=\"widget\" data-widget_type=\"heading.default\">\n\t\t\t\t<div class=\"elementor-widget-container\">\n\t\t\t\t\t<h2 class=\"elementor-heading-title elementor-size-default\">Nachhilfestunden<\/h2>\t\t\t\t<\/div>\n\t\t\t\t<\/div>\n\t\t\t\t<div class=\"elementor-element elementor-element-2557ffb elementor-widget elementor-widget-text-editor\" data-id=\"2557ffb\" data-element_type=\"widget\" data-widget_type=\"text-editor.default\">\n\t\t\t\t<div class=\"elementor-widget-container\">\n\t\t\t\t\t\t\t\t\t<p>Lernkompass UG bietet Nachhilfeunterricht in fast allen g\u00e4ngigen Schulf\u00e4chern und f\u00fcr fast alle Schulformen von der Grundschule, \u00fcber weiterf\u00fchrende Schulen bis zum Abitur und auch f\u00fcr Kurse aller Berufsschulen an. Ein Einstieg in die Lernf\u00f6rderung ist jederzeit m\u00f6glich.<\/p><p>Unsere Kurszeiten werden mit dem Stundenplan der Sch\u00fclerInnen und dem der Lehrkr\u00e4fte abgestimmt und stets zuverl\u00e4ssig durchgef\u00fchrt.<\/p><p>Wir zeichnen uns durch einen optimalen Betreuungsschl\u00fcssel aus, das bedeutet es wird nach M\u00f6glichkeit auf die individuellen Bed\u00fcrfnisse des Lernenden eingegangen und die Gruppengr\u00f6\u00dfe (Einzelunterricht, Kleingruppe) auf den Lernenden angepasst. Mehr als jeder zweite erh\u00e4lt Einzelunterricht und die Kleingruppen bestehen meist aus 2 bis maximal 8 Sch\u00fclerInnen).<\/p><p>Wir unterst\u00fctzen die Erziehungsberechtigten auch gerne tatkr\u00e4ftig bei der Beantragung finanzieller, st\u00e4dtischer Hilfen nach SGB II f\u00fcr den Nachhilfeunterricht und die Ferienkurse.<\/p><p><strong>Die Ziele und Inhalte des Nachhilfeunterrichts<\/strong><\/p><p>Unser oberstes Ziel ist eine langfristige Verbesserung der schulischen Noten durch eine gesteigerte Lernmotivation und damit einhergehend eine Verbesserung der Zukunftschancen bspw. f\u00fcr den zuk\u00fcnftigen beruflichen Werdegang unserer Lernenden.<\/p><p>Ein weiteres Ziel ist die Vermittlung von Lerntechniken, wie z.B. die Verwendung einer Vokabelbox. Wie versuchen den Sch\u00fclerInnen auch zu vermitteln, wie die Kontinuit\u00e4t des Lernens auf lange Sicht wesentlich zum Lernerfolg betr\u00e4gt. Wir ermutigen unsere Sch\u00fclerInnen dazu, die L\u00fccken Schritt f\u00fcr Schritt zu schlie\u00dfen und auch die kleinen (zwischen-)Erfolge zu verzeichnen, bis sie eine gewisse Sicherheit erlangen und feststellen, dass man sich durch Ausdauer nachhaltig verbessern und seine Ziele erreichen kann. So entsteht letztlich auch Spa\u00df am Lernen.<\/p><p>Bei unserer oben genannten Bedarfsanalyse ber\u00fccksichtigen wir auch die verschiedenen Lerntypen, wie z.B. der auditive, der visuelle oder der haptische Typ. Wir stimmen die Unterrichtsmethoden also auch unter diesem Gesichtspunkt individuell auf die einzelnen Sch\u00fclerInnen ab, um so individuell zugeschnittene F\u00f6rderma\u00dfnahmen ergreifen zu k\u00f6nnen.<\/p><p>Wir bieten bei anstehenden Klassenarbeiten zus\u00e4tzliche Stunden zur konkreten Vorbereitung an.<\/p><p>Auch in den Ferien sind wir f\u00fcr unsere Sch\u00fclerInnen da. In dieser Zeit bieten wir spezielle Ferienkurse an, die den Fokus auf die deutsche Sprache setzen, jedoch in Form von Veranstaltungen und zugeschnittenen Aktivit\u00e4ten, die die (Deutsch-)F\u00f6rderung in die Lebenswelt der Kinder und Jugendlichen bringt.\u00a0<\/p>\t\t\t\t\t\t\t\t<\/div>\n\t\t\t\t<\/div>\n\t\t\t\t<div class=\"elementor-element elementor-element-3e9da7e elementor-widget elementor-widget-button\" data-id=\"3e9da7e\" data-element_type=\"widget\" data-widget_type=\"button.default\">\n\t\t\t\t<div class=\"elementor-widget-container\">\n\t\t\t\t\t\t\t\t\t<div class=\"elementor-button-wrapper\">\n\t\t\t\t\t<a class=\"elementor-button elementor-button-link elementor-size-sm\" href=\"https:\/\/lernkompass-ug.de\/index.php\/anmeldung-kopfrechnen\/\">\n\t\t\t\t\t\t<span class=\"elementor-button-content-wrapper\">\n\t\t\t\t\t\t\t\t\t<span class=\"elementor-button-text\">Anmelden<\/span>\n\t\t\t\t\t<\/span>\n\t\t\t\t\t<\/a>\n\t\t\t\t<\/div>\n\t\t\t\t\t\t\t\t<\/div>\n\t\t\t\t<\/div>\n\t\t\t\t\t<\/div>\n\t\t\t\t<\/div>\n\t\t\t\t<\/div>\n\t\t","protected":false},"excerpt":{"rendered":"<p>Nachhilfestunden Nachhilfestunden Lernkompass UG bietet Nachhilfeunterricht in fast allen g\u00e4ngigen Schulf\u00e4chern und f\u00fcr fast alle Schulformen von der Grundschule, \u00fcber weiterf\u00fchrende Schulen bis zum Abitur und auch f\u00fcr Kurse aller Berufsschulen an. Ein Einstieg in die Lernf\u00f6rderung ist jederzeit m\u00f6glich. Unsere Kurszeiten werden mit dem Stundenplan der Sch\u00fclerInnen und dem der Lehrkr\u00e4fte abgestimmt und stets [&hellip;]<\/p>\n","protected":false},"author":1,"featured_media":0,"parent":0,"menu_order":0,"comment_status":"closed","ping_status":"closed","template":"elementor_header_footer","meta":{"footnotes":""},"blocksy_meta":[],"_links":{"self":[{"href":"https:\/\/lernkompass-ug.de\/index.php\/wp-json\/wp\/v2\/pages\/995"}],"collection":[{"href":"https:\/\/lernkompass-ug.de\/index.php\/wp-json\/wp\/v2\/pages"}],"about":[{"href":"https:\/\/lernkompass-ug.de\/index.php\/wp-json\/wp\/v2\/types\/page"}],"author":[{"embeddable":true,"href":"https:\/\/lernkompass-ug.de\/index.php\/wp-json\/wp\/v2\/users\/1"}],"replies":[{"embeddable":true,"href":"https:\/\/lernkompass-ug.de\/index.php\/wp-json\/wp\/v2\/comments?post=995"}],"version-history":[{"count":28,"href":"https:\/\/lernkompass-ug.de\/index.php\/wp-json\/wp\/v2\/pages\/995\/revisions"}],"predecessor-version":[{"id":1777,"href":"https:\/\/lernkompass-ug.de\/index.php\/wp-json\/wp\/v2\/pages\/995\/revisions\/1777"}],"wp:attachment":[{"href":"https:\/\/lernkompass-ug.de\/index.php\/wp-json\/wp\/v2\/media?parent=995"}],"curies":[{"name":"wp","href":"https:\/\/api.w.org\/{rel}","templated":true}]}}