{"id":946,"date":"2024-02-27T14:53:11","date_gmt":"2024-02-27T14:53:11","guid":{"rendered":"https:\/\/klarheit-edu.de\/?page_id=946"},"modified":"2024-11-24T21:21:12","modified_gmt":"2024-11-24T21:21:12","slug":"freizeitaktivitaten","status":"publish","type":"page","link":"https:\/\/lernkompass-ug.de\/index.php\/dienstleistungen\/freizeitaktivitaten\/","title":{"rendered":"Freizeitaktivit\u00e4ten"},"content":{"rendered":"\t\t<div data-elementor-type=\"wp-page\" data-elementor-id=\"946\" class=\"elementor elementor-946\">\n\t\t\t\t\t\t<section class=\"elementor-section elementor-top-section elementor-element elementor-element-4fc55c61 ct-section-stretched elementor-section-boxed elementor-section-height-default elementor-section-height-default\" data-id=\"4fc55c61\" data-element_type=\"section\" data-settings=\"{&quot;background_background&quot;:&quot;classic&quot;}\">\n\t\t\t\t\t\t\t<div class=\"elementor-background-overlay\"><\/div>\n\t\t\t\t\t\t\t<div class=\"elementor-container elementor-column-gap-default\">\n\t\t\t\t\t<div class=\"elementor-column elementor-col-100 elementor-top-column elementor-element elementor-element-7d23ccc6\" data-id=\"7d23ccc6\" data-element_type=\"column\">\n\t\t\t<div class=\"elementor-widget-wrap elementor-element-populated\">\n\t\t\t\t\t\t<div class=\"elementor-element elementor-element-4d42d958 elementor-widget elementor-widget-heading\" data-id=\"4d42d958\" data-element_type=\"widget\" data-widget_type=\"heading.default\">\n\t\t\t\t<div class=\"elementor-widget-container\">\n\t\t\t\t\t<h2 class=\"elementor-heading-title elementor-size-default\">Freizeitaktivit\u00e4ten<\/h2>\t\t\t\t<\/div>\n\t\t\t\t<\/div>\n\t\t\t\t\t<\/div>\n\t\t<\/div>\n\t\t\t\t\t<\/div>\n\t\t<\/section>\n\t\t<div class=\"elementor-element elementor-element-0feebe1 e-flex e-con-boxed e-con e-parent\" data-id=\"0feebe1\" data-element_type=\"container\">\n\t\t\t\t\t<div class=\"e-con-inner\">\n\t\t\t\t<div class=\"elementor-element elementor-element-47de1c2 elementor-widget elementor-widget-heading\" data-id=\"47de1c2\" data-element_type=\"widget\" data-widget_type=\"heading.default\">\n\t\t\t\t<div class=\"elementor-widget-container\">\n\t\t\t\t\t<h2 class=\"elementor-heading-title elementor-size-default\">Freizeitaktivit\u00e4ten f\u00fcr Kinder<\/h2>\t\t\t\t<\/div>\n\t\t\t\t<\/div>\n\t\t\t\t<div class=\"elementor-element elementor-element-4ae0ccb elementor-widget elementor-widget-text-editor\" data-id=\"4ae0ccb\" data-element_type=\"widget\" data-widget_type=\"text-editor.default\">\n\t\t\t\t<div class=\"elementor-widget-container\">\n\t\t\t\t\t\t\t\t\t<p>Lernkompass UG freut sich, unter ihren Klassen lustige Freizeitaktivit\u00e4ten und unterhaltsame Veranstaltungen f\u00fcr Kinder anzubieten.<\/p><p>Wir sorgen f\u00fcr eine angenehme und motivierende Lernumgebung f\u00fcr Kinder und glauben, dass Freizeitaktivit\u00e4ten einen gro\u00dfen Beitrag zur Stimulierung ihres Lerninteresses leisten.<\/p><p>Unser Service umfasst Freizeitausfl\u00fcge und verschiedene Feiern wie Vergn\u00fcgungsparkbesuche, Museen, Parks, Sportclubs sowie religi\u00f6se, nationale und kulturelle Feierlichkeiten.<\/p><p>Wir bieten auch unterhaltsame Lernwerkst\u00e4tten f\u00fcr Kunsthandwerk, Kochen, Musik und andere Bereiche an, die Kindern helfen, ihre kreativen F\u00e4higkeiten und F\u00e4higkeiten zu entwickeln.<\/p><p>Wir arbeiten mit spezialisierten Teams zusammen, um Aktivit\u00e4ten und Freizeitveranstaltungen zu organisieren, und sorgen daf\u00fcr, dass eine sichere und bequeme Umgebung f\u00fcr Kinder zur Verf\u00fcgung steht. Die Aktivit\u00e4ten werden sorgf\u00e4ltig ausgew\u00e4hlt, um verschiedenen Altersgruppen, Sprachniveaus und pers\u00f6nlichen Interessen der Sch\u00fcler gerecht zu werden. Wir laden Kinder ein, sich uns anzuschlie\u00dfen und von n\u00fctzlichen und unterhaltsamen Freizeitaktivit\u00e4ten zu profitieren, und freuen uns darauf, dass Eltern das Gef\u00fchl haben, dass ihre Kinder in einer inspirierenden Lernumgebung lernen und wachsen.<\/p>\t\t\t\t\t\t\t\t<\/div>\n\t\t\t\t<\/div>\n\t\t\t\t<div class=\"elementor-element elementor-element-3ce5dca elementor-align-left elementor-widget__width-initial elementor-widget elementor-widget-button\" data-id=\"3ce5dca\" data-element_type=\"widget\" data-widget_type=\"button.default\">\n\t\t\t\t<div class=\"elementor-widget-container\">\n\t\t\t\t\t\t\t\t\t<div class=\"elementor-button-wrapper\">\n\t\t\t\t\t<a class=\"elementor-button elementor-button-link elementor-size-sm\" href=\"https:\/\/lernkompass-ug.de\/index.php\/anmeldung-kopfrechnen\/\">\n\t\t\t\t\t\t<span class=\"elementor-button-content-wrapper\">\n\t\t\t\t\t\t\t\t\t<span class=\"elementor-button-text\">Anmelden<\/span>\n\t\t\t\t\t<\/span>\n\t\t\t\t\t<\/a>\n\t\t\t\t<\/div>\n\t\t\t\t\t\t\t\t<\/div>\n\t\t\t\t<\/div>\n\t\t\t\t\t<\/div>\n\t\t\t\t<\/div>\n\t\t\t\t<\/div>\n\t\t","protected":false},"excerpt":{"rendered":"<p>Freizeitaktivit\u00e4ten Freizeitaktivit\u00e4ten f\u00fcr Kinder Lernkompass UG freut sich, unter ihren Klassen lustige Freizeitaktivit\u00e4ten und unterhaltsame Veranstaltungen f\u00fcr Kinder anzubieten. Wir sorgen f\u00fcr eine angenehme und motivierende Lernumgebung f\u00fcr Kinder und glauben, dass Freizeitaktivit\u00e4ten einen gro\u00dfen Beitrag zur Stimulierung ihres Lerninteresses leisten. Unser Service umfasst Freizeitausfl\u00fcge und verschiedene Feiern wie Vergn\u00fcgungsparkbesuche, Museen, Parks, Sportclubs sowie religi\u00f6se, [&hellip;]<\/p>\n","protected":false},"author":1,"featured_media":0,"parent":846,"menu_order":0,"comment_status":"closed","ping_status":"closed","template":"elementor_header_footer","meta":{"footnotes":""},"blocksy_meta":[],"_links":{"self":[{"href":"https:\/\/lernkompass-ug.de\/index.php\/wp-json\/wp\/v2\/pages\/946"}],"collection":[{"href":"https:\/\/lernkompass-ug.de\/index.php\/wp-json\/wp\/v2\/pages"}],"about":[{"href":"https:\/\/lernkompass-ug.de\/index.php\/wp-json\/wp\/v2\/types\/page"}],"author":[{"embeddable":true,"href":"https:\/\/lernkompass-ug.de\/index.php\/wp-json\/wp\/v2\/users\/1"}],"replies":[{"embeddable":true,"href":"https:\/\/lernkompass-ug.de\/index.php\/wp-json\/wp\/v2\/comments?post=946"}],"version-history":[{"count":44,"href":"https:\/\/lernkompass-ug.de\/index.php\/wp-json\/wp\/v2\/pages\/946\/revisions"}],"predecessor-version":[{"id":1790,"href":"https:\/\/lernkompass-ug.de\/index.php\/wp-json\/wp\/v2\/pages\/946\/revisions\/1790"}],"up":[{"embeddable":true,"href":"https:\/\/lernkompass-ug.de\/index.php\/wp-json\/wp\/v2\/pages\/846"}],"wp:attachment":[{"href":"https:\/\/lernkompass-ug.de\/index.php\/wp-json\/wp\/v2\/media?parent=946"}],"curies":[{"name":"wp","href":"https:\/\/api.w.org\/{rel}","templated":true}]}}