{"id":846,"date":"2024-02-20T22:36:39","date_gmt":"2024-02-20T22:36:39","guid":{"rendered":"https:\/\/klarheit-edu.de\/?page_id=846"},"modified":"2024-11-24T21:18:38","modified_gmt":"2024-11-24T21:18:38","slug":"dienstleistungen","status":"publish","type":"page","link":"https:\/\/lernkompass-ug.de\/index.php\/dienstleistungen\/","title":{"rendered":"Diestleistungen"},"content":{"rendered":"\t\t<div data-elementor-type=\"wp-page\" data-elementor-id=\"846\" class=\"elementor elementor-846\">\n\t\t\t\t\t\t<section class=\"elementor-section elementor-top-section elementor-element elementor-element-46b6d44b ct-section-stretched elementor-section-boxed elementor-section-height-default elementor-section-height-default\" data-id=\"46b6d44b\" data-element_type=\"section\" data-settings=\"{&quot;background_background&quot;:&quot;classic&quot;}\">\n\t\t\t\t\t\t\t<div class=\"elementor-background-overlay\"><\/div>\n\t\t\t\t\t\t\t<div class=\"elementor-container elementor-column-gap-default\">\n\t\t\t\t\t<div class=\"elementor-column elementor-col-100 elementor-top-column elementor-element elementor-element-184904e9\" data-id=\"184904e9\" data-element_type=\"column\">\n\t\t\t<div class=\"elementor-widget-wrap elementor-element-populated\">\n\t\t\t\t\t\t<div class=\"elementor-element elementor-element-f22d78f elementor-widget elementor-widget-heading\" data-id=\"f22d78f\" data-element_type=\"widget\" data-widget_type=\"heading.default\">\n\t\t\t\t<div class=\"elementor-widget-container\">\n\t\t\t\t\t<h2 class=\"elementor-heading-title elementor-size-default\">Dienstleistungen<\/h2>\t\t\t\t<\/div>\n\t\t\t\t<\/div>\n\t\t\t\t\t<\/div>\n\t\t<\/div>\n\t\t\t\t\t<\/div>\n\t\t<\/section>\n\t\t<div class=\"elementor-element elementor-element-6d940e41 e-flex e-con-boxed e-con e-parent\" data-id=\"6d940e41\" data-element_type=\"container\" data-settings=\"{&quot;background_background&quot;:&quot;classic&quot;}\">\n\t\t\t\t\t<div class=\"e-con-inner\">\n\t\t<div class=\"elementor-element elementor-element-8ae5dd5 e-con-full e-flex e-con e-child\" data-id=\"8ae5dd5\" data-element_type=\"container\">\n\t\t<div class=\"elementor-element elementor-element-3b5d2ff0 e-con-full e-flex e-con e-child\" data-id=\"3b5d2ff0\" data-element_type=\"container\">\n\t\t\t\t<div class=\"elementor-element elementor-element-d2d584a ekit-equal-height-enable e-transform elementor-widget elementor-widget-elementskit-image-box\" data-id=\"d2d584a\" data-element_type=\"widget\" data-settings=\"{&quot;_transform_scale_effect&quot;:{&quot;unit&quot;:&quot;px&quot;,&quot;size&quot;:1,&quot;sizes&quot;:[]},&quot;_transform_scale_effect_tablet&quot;:{&quot;unit&quot;:&quot;px&quot;,&quot;size&quot;:&quot;&quot;,&quot;sizes&quot;:[]},&quot;_transform_scale_effect_mobile&quot;:{&quot;unit&quot;:&quot;px&quot;,&quot;size&quot;:&quot;&quot;,&quot;sizes&quot;:[]}}\" data-widget_type=\"elementskit-image-box.default\">\n\t\t\t\t<div class=\"elementor-widget-container\">\n\t\t\t\t\t<div class=\"ekit-wid-con\" >\n            <div class=\"elementskit-info-image-box ekit-image-box text-center simple-card\" >\n\n                \n                <div class=\"elementskit-box-header image-box-img-center\">\n\n                    <img decoding=\"async\" src=\"https:\/\/lernkompass-ug.de\/wp-content\/uploads\/elementor\/thumbs\/1603fa40-9b7f-4f34-9349-edb380038501-qxftpdghjqzlobwffzdti2tv4z8ljbzktpctbkis2o.webp\" title=\"dienstleisutngen-img-1\" alt=\"kids in playground\" loading=\"lazy\" \/>\n                <\/div>\n                \n                <div class=\"elementskit-box-body ekit-image-box-body\">\n                    <div class=\"elementskit-box-content ekit-image-box-body-inner\">\n                                                <h3 class=\"elementskit-info-box-title\">\n\n                        Freizeitaktivit\u00e4ten f\u00fcr Kinder\n                        \n                    <\/h3>\n                                                            <div class=\"elementskit-box-style-content\">\n                        Lernkompass UG freut sich, unter ihren Klassen lustige Freizeitaktivit\u00e4ten und unterhaltsame Veranstaltungen f\u00fcr Kinder anzubieten.                    <\/div>\n                                    <\/div>\n\n                                <div class=\"elementskit-box-footer\">\n                    <div class=\"box-footer\">\n                        <div class=\"btn-wraper\">\n                                                            <a href=\"https:\/\/lernkompass-ug.de\/index.php\/dienstleistungen\/freizeitaktivitaten\/\" class=\"elementskit-btn whitespace--normal\">\n                                    \n                                    \n                                    Mehr dazu                                <\/a>\n                                                        <\/div>\n                    <\/div>\n                <\/div>\n                            <\/div>\n            <\/div>\n    <\/div>\t\t\t\t<\/div>\n\t\t\t\t<\/div>\n\t\t\t\t<\/div>\n\t\t<div class=\"elementor-element elementor-element-ae752f4 e-con-full e-flex e-con e-child\" data-id=\"ae752f4\" data-element_type=\"container\">\n\t\t\t\t<div class=\"elementor-element elementor-element-62fcb57 ekit-equal-height-enable e-transform elementor-widget elementor-widget-elementskit-image-box\" data-id=\"62fcb57\" data-element_type=\"widget\" data-settings=\"{&quot;_transform_scale_effect&quot;:{&quot;unit&quot;:&quot;px&quot;,&quot;size&quot;:1,&quot;sizes&quot;:[]},&quot;_transform_scale_effect_tablet&quot;:{&quot;unit&quot;:&quot;px&quot;,&quot;size&quot;:&quot;&quot;,&quot;sizes&quot;:[]},&quot;_transform_scale_effect_mobile&quot;:{&quot;unit&quot;:&quot;px&quot;,&quot;size&quot;:&quot;&quot;,&quot;sizes&quot;:[]}}\" data-widget_type=\"elementskit-image-box.default\">\n\t\t\t\t<div class=\"elementor-widget-container\">\n\t\t\t\t\t<div class=\"ekit-wid-con\" >\n            <div class=\"elementskit-info-image-box ekit-image-box text-center simple-card\" >\n\n                \n                <div class=\"elementskit-box-header image-box-img-center\">\n\n                    <img decoding=\"async\" src=\"https:\/\/lernkompass-ug.de\/wp-content\/uploads\/elementor\/thumbs\/cd028b54-47c1-4f1d-abb5-280065452209-qxftpdghjqzlobwffzdti2tv4z8ljbzktpctbkis2o.webp\" title=\"dienstleisutngen-img-2\" alt=\"kids doing homework\" loading=\"lazy\" \/>\n                <\/div>\n                \n                <div class=\"elementskit-box-body ekit-image-box-body\">\n                    <div class=\"elementskit-box-content ekit-image-box-body-inner\">\n                                                <h3 class=\"elementskit-info-box-title\">\n\n                        Kopfrechnen\n                        \n                    <\/h3>\n                                                            <div class=\"elementskit-box-style-content\">\n                        Lernkompass UG bietet ein Programm des mentalen Rechnens bei Kindern an, welches als eines der effektiven Mittel gilt, um das Niveau der Sch\u00fclerInnen in Mathematik zu verbessern und ihr Selbstvertrauen zu st\u00e4rken                     <\/div>\n                                    <\/div>\n\n                                <div class=\"elementskit-box-footer\">\n                    <div class=\"box-footer\">\n                        <div class=\"btn-wraper\">\n                                                            <a href=\"https:\/\/lernkompass-ug.de\/index.php\/elementor-page-987\/\" class=\"elementskit-btn whitespace--normal\">\n                                    \n                                    \n                                    Mehr dazu                                <\/a>\n                                                        <\/div>\n                    <\/div>\n                <\/div>\n                            <\/div>\n            <\/div>\n    <\/div>\t\t\t\t<\/div>\n\t\t\t\t<\/div>\n\t\t\t\t<\/div>\n\t\t<div class=\"elementor-element elementor-element-3e3d4fe e-con-full e-flex e-con e-child\" data-id=\"3e3d4fe\" data-element_type=\"container\">\n\t\t\t\t<div class=\"elementor-element elementor-element-2085bf4 ekit-equal-height-enable e-transform elementor-widget elementor-widget-elementskit-image-box\" data-id=\"2085bf4\" data-element_type=\"widget\" data-settings=\"{&quot;_transform_scale_effect&quot;:{&quot;unit&quot;:&quot;px&quot;,&quot;size&quot;:1,&quot;sizes&quot;:[]},&quot;_transform_scale_effect_tablet&quot;:{&quot;unit&quot;:&quot;px&quot;,&quot;size&quot;:&quot;&quot;,&quot;sizes&quot;:[]},&quot;_transform_scale_effect_mobile&quot;:{&quot;unit&quot;:&quot;px&quot;,&quot;size&quot;:&quot;&quot;,&quot;sizes&quot;:[]}}\" data-widget_type=\"elementskit-image-box.default\">\n\t\t\t\t<div class=\"elementor-widget-container\">\n\t\t\t\t\t<div class=\"ekit-wid-con\" >\n            <div class=\"elementskit-info-image-box ekit-image-box text-center simple-card\" >\n\n                \n                <div class=\"elementskit-box-header image-box-img-center\">\n\n                    <img decoding=\"async\" src=\"https:\/\/lernkompass-ug.de\/wp-content\/uploads\/elementor\/thumbs\/24ee1d2d-64b2-449e-8ae3-b40f8beec047-qxftpdghjqzlobwffzdti2tv4z8ljbzktpctbkis2o.webp\" title=\"dienstleisutngen-img-3\" alt=\"teacher and students\" loading=\"lazy\" \/>\n                <\/div>\n                \n                <div class=\"elementskit-box-body ekit-image-box-body\">\n                    <div class=\"elementskit-box-content ekit-image-box-body-inner\">\n                                                <h3 class=\"elementskit-info-box-title\">\n\n                        Nachhilfestunden \n                        \n                    <\/h3>\n                                                            <div class=\"elementskit-box-style-content\">\n                        Wir bieten Nachhilfeunterricht in fast allen g\u00e4ngigen Schulf\u00e4chern und f\u00fcr fast alle Schulformen von der Grundschule, \u00fcber weiterf\u00fchrende Schulen bis zum Abitur und auch f\u00fcr Kurse aller Berufsschulen an.                     <\/div>\n                                    <\/div>\n\n                                <div class=\"elementskit-box-footer\">\n                    <div class=\"box-footer\">\n                        <div class=\"btn-wraper\">\n                                                            <a href=\"https:\/\/lernkompass-ug.de\/index.php\/nachhilfestunden\/\" class=\"elementskit-btn whitespace--normal\">\n                                    \n                                    \n                                    Mehr dazu                                <\/a>\n                                                        <\/div>\n                    <\/div>\n                <\/div>\n                            <\/div>\n            <\/div>\n    <\/div>\t\t\t\t<\/div>\n\t\t\t\t<\/div>\n\t\t\t\t<\/div>\n\t\t<div class=\"elementor-element elementor-element-53a1b94 e-con-full e-flex e-con e-child\" data-id=\"53a1b94\" data-element_type=\"container\">\n\t\t\t\t<div class=\"elementor-element elementor-element-68c35e8 ekit-equal-height-enable e-transform elementor-widget elementor-widget-elementskit-image-box\" data-id=\"68c35e8\" data-element_type=\"widget\" data-settings=\"{&quot;_transform_scale_effect&quot;:{&quot;unit&quot;:&quot;px&quot;,&quot;size&quot;:1,&quot;sizes&quot;:[]},&quot;_transform_scale_effect_tablet&quot;:{&quot;unit&quot;:&quot;px&quot;,&quot;size&quot;:&quot;&quot;,&quot;sizes&quot;:[]},&quot;_transform_scale_effect_mobile&quot;:{&quot;unit&quot;:&quot;px&quot;,&quot;size&quot;:&quot;&quot;,&quot;sizes&quot;:[]}}\" data-widget_type=\"elementskit-image-box.default\">\n\t\t\t\t<div class=\"elementor-widget-container\">\n\t\t\t\t\t<div class=\"ekit-wid-con\" >\n            <div class=\"elementskit-info-image-box ekit-image-box text-center simple-card\" >\n\n                \n                <div class=\"elementskit-box-header image-box-img-center\">\n\n                    <img decoding=\"async\" src=\"https:\/\/lernkompass-ug.de\/wp-content\/uploads\/elementor\/thumbs\/f435366c-eb7a-43ca-92e4-c7410339a34f-qxftpdghjqzlobwffzdti2tv4z8ljbzktpctbkis2o.webp\" title=\"dienstleisutngen-img-4\" alt=\"teacher in class room\" loading=\"lazy\" \/>\n                <\/div>\n                \n                <div class=\"elementskit-box-body ekit-image-box-body\">\n                    <div class=\"elementskit-box-content ekit-image-box-body-inner\">\n                                                <h3 class=\"elementskit-info-box-title\">\n\n                        Sprachkurse \n                        \n                    <\/h3>\n                                                            <div class=\"elementskit-box-style-content\">\n                        Wir bieten Sprachkurse in verschiedenen Fremdsprachen, wie z.B. Arabisch, Englisch, Franz\u00f6sisch und Spanisch an. Diese Sprachkurse werden sowohl f\u00fcr Erwachsene als auch f\u00fcr Kinder angeboten.                      <\/div>\n                                    <\/div>\n\n                                <div class=\"elementskit-box-footer\">\n                    <div class=\"box-footer\">\n                        <div class=\"btn-wraper\">\n                                                            <a href=\"https:\/\/lernkompass-ug.de\/index.php\/sprachkurse\/\" class=\"elementskit-btn whitespace--normal\">\n                                    \n                                    \n                                    Mehr dazu                                <\/a>\n                                                        <\/div>\n                    <\/div>\n                <\/div>\n                            <\/div>\n            <\/div>\n    <\/div>\t\t\t\t<\/div>\n\t\t\t\t<\/div>\n\t\t\t\t<\/div>\n\t\t\t\t<\/div>\n\t\t\t\t\t<\/div>\n\t\t\t\t<\/div>\n\t\t\t\t<section class=\"elementor-section elementor-top-section elementor-element elementor-element-aaba2c6 elementor-section-boxed elementor-section-height-default elementor-section-height-default\" data-id=\"aaba2c6\" data-element_type=\"section\" data-settings=\"{&quot;background_background&quot;:&quot;classic&quot;}\">\n\t\t\t\t\t\t<div class=\"elementor-container elementor-column-gap-default\">\n\t\t\t\t\t<div class=\"elementor-column elementor-col-100 elementor-top-column elementor-element elementor-element-d0fe758\" data-id=\"d0fe758\" data-element_type=\"column\">\n\t\t\t<div class=\"elementor-widget-wrap elementor-element-populated\">\n\t\t\t\t\t\t<div class=\"elementor-element elementor-element-535ba6e elementor-widget elementor-widget-heading\" data-id=\"535ba6e\" data-element_type=\"widget\" data-widget_type=\"heading.default\">\n\t\t\t\t<div class=\"elementor-widget-container\">\n\t\t\t\t\t<h2 class=\"elementor-heading-title elementor-size-default\">Wir freuen uns auf Ihre Nachricht!<\/h2>\t\t\t\t<\/div>\n\t\t\t\t<\/div>\n\t\t\t\t<div class=\"elementor-element elementor-element-473c3e2 elementor-widget elementor-widget-text-editor\" data-id=\"473c3e2\" data-element_type=\"widget\" data-widget_type=\"text-editor.default\">\n\t\t\t\t<div class=\"elementor-widget-container\">\n\t\t\t\t\t\t\t\t\t<p>M\u00f6chten Sie mehr \u00fcber unsere Programme erfahren oder Iher Kind bei Klarheit GmbH anmelden? Wir stehen dir gerne zur Verf\u00fcgung!<\/p>\t\t\t\t\t\t\t\t<\/div>\n\t\t\t\t<\/div>\n\t\t\t\t<div class=\"elementor-element elementor-element-631bab8 elementor-widget elementor-widget-button\" data-id=\"631bab8\" data-element_type=\"widget\" data-widget_type=\"button.default\">\n\t\t\t\t<div class=\"elementor-widget-container\">\n\t\t\t\t\t\t\t\t\t<div class=\"elementor-button-wrapper\">\n\t\t\t\t\t<a class=\"elementor-button elementor-button-link elementor-size-lg\" href=\"https:\/\/lernkompass-ug.de\/index.php\/contact\/\">\n\t\t\t\t\t\t<span class=\"elementor-button-content-wrapper\">\n\t\t\t\t\t\t\t\t\t<span class=\"elementor-button-text\">Kontaktieren Sie uns <\/span>\n\t\t\t\t\t<\/span>\n\t\t\t\t\t<\/a>\n\t\t\t\t<\/div>\n\t\t\t\t\t\t\t\t<\/div>\n\t\t\t\t<\/div>\n\t\t\t\t\t<\/div>\n\t\t<\/div>\n\t\t\t\t\t<\/div>\n\t\t<\/section>\n\t\t\t\t<section class=\"elementor-section elementor-top-section elementor-element elementor-element-d7b5234 ct-section-stretched elementor-section-boxed elementor-section-height-default elementor-section-height-default\" data-id=\"d7b5234\" data-element_type=\"section\" data-settings=\"{&quot;background_background&quot;:&quot;classic&quot;}\">\n\t\t\t\t\t\t<div class=\"elementor-container elementor-column-gap-no\">\n\t\t\t\t\t<div class=\"elementor-column elementor-col-100 elementor-top-column elementor-element elementor-element-bfc09a3\" data-id=\"bfc09a3\" data-element_type=\"column\">\n\t\t\t<div class=\"elementor-widget-wrap elementor-element-populated\">\n\t\t\t\t\t\t<div class=\"elementor-element elementor-element-40d140a elementor-widget elementor-widget-spacer\" data-id=\"40d140a\" data-element_type=\"widget\" data-widget_type=\"spacer.default\">\n\t\t\t\t<div class=\"elementor-widget-container\">\n\t\t\t\t\t\t\t<div class=\"elementor-spacer\">\n\t\t\t<div class=\"elementor-spacer-inner\"><\/div>\n\t\t<\/div>\n\t\t\t\t\t\t<\/div>\n\t\t\t\t<\/div>\n\t\t\t\t\t<\/div>\n\t\t<\/div>\n\t\t\t\t\t<\/div>\n\t\t<\/section>\n\t\t\t\t<\/div>\n\t\t","protected":false},"excerpt":{"rendered":"<p>Dienstleistungen Freizeitaktivit\u00e4ten f\u00fcr Kinder Lernkompass UG freut sich, unter ihren Klassen lustige Freizeitaktivit\u00e4ten und unterhaltsame Veranstaltungen f\u00fcr Kinder anzubieten. Mehr dazu Kopfrechnen Lernkompass UG bietet ein Programm des mentalen Rechnens bei Kindern an, welches als eines der effektiven Mittel gilt, um das Niveau der Sch\u00fclerInnen in Mathematik zu verbessern und ihr Selbstvertrauen zu st\u00e4rken Mehr [&hellip;]<\/p>\n","protected":false},"author":1,"featured_media":0,"parent":0,"menu_order":0,"comment_status":"closed","ping_status":"closed","template":"elementor_header_footer","meta":{"footnotes":""},"blocksy_meta":[],"_links":{"self":[{"href":"https:\/\/lernkompass-ug.de\/index.php\/wp-json\/wp\/v2\/pages\/846"}],"collection":[{"href":"https:\/\/lernkompass-ug.de\/index.php\/wp-json\/wp\/v2\/pages"}],"about":[{"href":"https:\/\/lernkompass-ug.de\/index.php\/wp-json\/wp\/v2\/types\/page"}],"author":[{"embeddable":true,"href":"https:\/\/lernkompass-ug.de\/index.php\/wp-json\/wp\/v2\/users\/1"}],"replies":[{"embeddable":true,"href":"https:\/\/lernkompass-ug.de\/index.php\/wp-json\/wp\/v2\/comments?post=846"}],"version-history":[{"count":63,"href":"https:\/\/lernkompass-ug.de\/index.php\/wp-json\/wp\/v2\/pages\/846\/revisions"}],"predecessor-version":[{"id":1784,"href":"https:\/\/lernkompass-ug.de\/index.php\/wp-json\/wp\/v2\/pages\/846\/revisions\/1784"}],"wp:attachment":[{"href":"https:\/\/lernkompass-ug.de\/index.php\/wp-json\/wp\/v2\/media?parent=846"}],"curies":[{"name":"wp","href":"https:\/\/api.w.org\/{rel}","templated":true}]}}