{"id":768,"date":"2024-02-18T17:31:33","date_gmt":"2024-02-18T17:31:33","guid":{"rendered":"https:\/\/klarheit-edu.de\/?page_id=768"},"modified":"2024-11-24T21:09:20","modified_gmt":"2024-11-24T21:09:20","slug":"uber-uns","status":"publish","type":"page","link":"https:\/\/lernkompass-ug.de\/index.php\/uber-uns\/","title":{"rendered":"\u00dcber uns"},"content":{"rendered":"\t\t<div data-elementor-type=\"wp-page\" data-elementor-id=\"768\" class=\"elementor elementor-768\">\n\t\t\t\t\t\t<section class=\"elementor-section elementor-top-section elementor-element elementor-element-6c6b5746 ct-section-stretched elementor-section-boxed elementor-section-height-default elementor-section-height-default\" data-id=\"6c6b5746\" data-element_type=\"section\" data-settings=\"{&quot;background_background&quot;:&quot;classic&quot;}\">\n\t\t\t\t\t\t\t<div class=\"elementor-background-overlay\"><\/div>\n\t\t\t\t\t\t\t<div class=\"elementor-container elementor-column-gap-default\">\n\t\t\t\t\t<div class=\"elementor-column elementor-col-100 elementor-top-column elementor-element elementor-element-7a7c0322\" data-id=\"7a7c0322\" data-element_type=\"column\">\n\t\t\t<div class=\"elementor-widget-wrap elementor-element-populated\">\n\t\t\t\t\t\t<div class=\"elementor-element elementor-element-483c4e08 elementor-widget elementor-widget-heading\" data-id=\"483c4e08\" data-element_type=\"widget\" data-widget_type=\"heading.default\">\n\t\t\t\t<div class=\"elementor-widget-container\">\n\t\t\t\t\t<h2 class=\"elementor-heading-title elementor-size-default\">\u00dcber uns<\/h2>\t\t\t\t<\/div>\n\t\t\t\t<\/div>\n\t\t\t\t\t<\/div>\n\t\t<\/div>\n\t\t\t\t\t<\/div>\n\t\t<\/section>\n\t\t<div class=\"elementor-element elementor-element-38c7f5be e-flex e-con-boxed e-con e-parent\" data-id=\"38c7f5be\" data-element_type=\"container\" data-settings=\"{&quot;background_background&quot;:&quot;classic&quot;}\">\n\t\t\t\t\t<div class=\"e-con-inner\">\n\t\t<div class=\"elementor-element elementor-element-67fdf4a e-con-full e-flex e-con e-child\" data-id=\"67fdf4a\" data-element_type=\"container\">\n\t\t<div class=\"elementor-element elementor-element-a0a5d87 e-con-full e-flex e-con e-child\" data-id=\"a0a5d87\" data-element_type=\"container\">\n\t\t\t\t<div class=\"elementor-element elementor-element-426abf13 elementor-widget elementor-widget-heading\" data-id=\"426abf13\" data-element_type=\"widget\" data-widget_type=\"heading.default\">\n\t\t\t\t<div class=\"elementor-widget-container\">\n\t\t\t\t\t<h3 class=\"elementor-heading-title elementor-size-default\">Mission und <br>\nWerte<\/h3>\t\t\t\t<\/div>\n\t\t\t\t<\/div>\n\t\t\t\t<div class=\"elementor-element elementor-element-281bd2be elementor-position-top elementor-widget elementor-widget-image-box\" data-id=\"281bd2be\" data-element_type=\"widget\" data-widget_type=\"image-box.default\">\n\t\t\t\t<div class=\"elementor-widget-container\">\n\t\t\t\t\t<div class=\"elementor-image-box-wrapper\"><figure class=\"elementor-image-box-img\"><img decoding=\"async\" src=\"https:\/\/lernkompass-ug.de\/wp-content\/uploads\/elementor\/thumbs\/kobu-agency-QBBei2RPb7A-unsplash-1-qxftpfc5xf1luyhesxim3yirxwj4ou7uwh5y95x0oo.jpg\" title=\"kobu-agency-QBBei2RPb7A-unsplash\" alt=\"kobu-agency-QBBei2RPb7A-unsplash\" loading=\"lazy\" \/><\/figure><div class=\"elementor-image-box-content\"><p class=\"elementor-image-box-description\">Unsere Mission bei Lernkompass UG ist es, eine ganzheitliche Bildung f\u00fcr Kinder zu erm\u00f6glichen. Wir legen Wert darauf, nicht nur akademische F\u00e4higkeiten zu f\u00f6rdern, sondern auch pers\u00f6nliche Entwicklung zu unterst\u00fctzen. Mit den Grundpfeilern Individualit\u00e4t, Kreativit\u00e4t und Gemeinschaft schaffen wir eine inspirierende Lernumgebung, in der Kinder ihre Potenziale entfalten k\u00f6nnen.<\/p><\/div><\/div>\t\t\t\t<\/div>\n\t\t\t\t<\/div>\n\t\t\t\t<\/div>\n\t\t<div class=\"elementor-element elementor-element-5504709d e-con-full e-flex e-con e-child\" data-id=\"5504709d\" data-element_type=\"container\">\n\t\t\t\t<div class=\"elementor-element elementor-element-273e2cee elementor-widget elementor-widget-heading\" data-id=\"273e2cee\" data-element_type=\"widget\" data-widget_type=\"heading.default\">\n\t\t\t\t<div class=\"elementor-widget-container\">\n\t\t\t\t\t<h3 class=\"elementor-heading-title elementor-size-default\">Erfolgs-<br>\ngeschichten<\/h3>\t\t\t\t<\/div>\n\t\t\t\t<\/div>\n\t\t\t\t<div class=\"elementor-element elementor-element-188c38ba elementor-position-top elementor-widget elementor-widget-image-box\" data-id=\"188c38ba\" data-element_type=\"widget\" data-widget_type=\"image-box.default\">\n\t\t\t\t<div class=\"elementor-widget-container\">\n\t\t\t\t\t<div class=\"elementor-image-box-wrapper\"><figure class=\"elementor-image-box-img\"><img decoding=\"async\" src=\"https:\/\/lernkompass-ug.de\/wp-content\/uploads\/elementor\/thumbs\/campaign-creators-qCi_MzVODoU-unsplash-qxftpfc5xf1luyhesxim3yirxwj4ou7uwh5y95x0oo.jpg\" title=\"campaign-creators-qCi_MzVODoU-unsplash\" alt=\"campaign-creators-qCi_MzVODoU-unsplash\" loading=\"lazy\" \/><\/figure><div class=\"elementor-image-box-content\"><p class=\"elementor-image-box-description\">In den Erfolgsgeschichten bei Lernkompass UG geht es nicht nur um Bildung, sondern um die individuelle Entfaltung jedes Kindes. Eltern und Sch\u00fcler teilen ihre positiven Erfahrungen, und gemeinsam schaffen wir eine inspirierende Lernreise.<\/p><\/div><\/div>\t\t\t\t<\/div>\n\t\t\t\t<\/div>\n\t\t\t\t<\/div>\n\t\t<div class=\"elementor-element elementor-element-5eb73fd e-con-full e-flex e-con e-child\" data-id=\"5eb73fd\" data-element_type=\"container\">\n\t\t\t\t<div class=\"elementor-element elementor-element-14cd375c elementor-widget elementor-widget-heading\" data-id=\"14cd375c\" data-element_type=\"widget\" data-widget_type=\"heading.default\">\n\t\t\t\t<div class=\"elementor-widget-container\">\n\t\t\t\t\t<h3 class=\"elementor-heading-title elementor-size-default\">Lehr-<br>\nphilosophie<\/h3>\t\t\t\t<\/div>\n\t\t\t\t<\/div>\n\t\t\t\t<div class=\"elementor-element elementor-element-5a79be10 elementor-position-top elementor-widget elementor-widget-image-box\" data-id=\"5a79be10\" data-element_type=\"widget\" data-widget_type=\"image-box.default\">\n\t\t\t\t<div class=\"elementor-widget-container\">\n\t\t\t\t\t<div class=\"elementor-image-box-wrapper\"><figure class=\"elementor-image-box-img\"><img decoding=\"async\" src=\"https:\/\/lernkompass-ug.de\/wp-content\/uploads\/elementor\/thumbs\/ryota-nagasaka-w_5TUm7Xa00-unsplash-1-qxftpfc5xf1luyhesxim3yirxwj4ou7uwh5y95x0oo.jpg\" title=\"ryota-nagasaka-w_5TUm7Xa00-unsplash\" alt=\"ryota-nagasaka-w_5TUm7Xa00-unsplash\" loading=\"lazy\" \/><\/figure><div class=\"elementor-image-box-content\"><p class=\"elementor-image-box-description\">Unsere Lehrphilosophie bei Lernkompass UG basiert auf Leidenschaft und Innovation. Unsere Lehrer sind mehr als Wissensvermittler \u2013 sie sind Mentoren, die sich individuell auf die Bed\u00fcrfnisse jedes Sch\u00fclers konzentrieren. Mit interaktivem Unterricht und kreativen Ans\u00e4tzen f\u00f6rdern wir eine nachhaltige Lernfreude.<\/p><\/div><\/div>\t\t\t\t<\/div>\n\t\t\t\t<\/div>\n\t\t\t\t<\/div>\n\t\t\t\t<\/div>\n\t\t\t\t\t<\/div>\n\t\t\t\t<\/div>\n\t\t<div class=\"elementor-element elementor-element-e45f92d e-grid e-con-boxed e-con e-parent\" data-id=\"e45f92d\" data-element_type=\"container\">\n\t\t\t\t\t<div class=\"e-con-inner\">\n\t\t\t\t<div class=\"elementor-element elementor-element-a64c285 elementor-widget elementor-widget-spacer\" data-id=\"a64c285\" data-element_type=\"widget\" data-widget_type=\"spacer.default\">\n\t\t\t\t<div class=\"elementor-widget-container\">\n\t\t\t\t\t\t\t<div class=\"elementor-spacer\">\n\t\t\t<div class=\"elementor-spacer-inner\"><\/div>\n\t\t<\/div>\n\t\t\t\t\t\t<\/div>\n\t\t\t\t<\/div>\n\t\t\t\t\t<\/div>\n\t\t\t\t<\/div>\n\t\t\t\t<section class=\"elementor-section elementor-top-section elementor-element elementor-element-2aafa39 elementor-section-boxed elementor-section-height-default elementor-section-height-default\" data-id=\"2aafa39\" data-element_type=\"section\" data-settings=\"{&quot;background_background&quot;:&quot;classic&quot;}\">\n\t\t\t\t\t\t<div class=\"elementor-container elementor-column-gap-default\">\n\t\t\t\t\t<div class=\"elementor-column elementor-col-100 elementor-top-column elementor-element elementor-element-133821d\" data-id=\"133821d\" data-element_type=\"column\">\n\t\t\t<div class=\"elementor-widget-wrap elementor-element-populated\">\n\t\t\t\t\t\t<div class=\"elementor-element elementor-element-a441a6b elementor-widget elementor-widget-heading\" data-id=\"a441a6b\" data-element_type=\"widget\" data-widget_type=\"heading.default\">\n\t\t\t\t<div class=\"elementor-widget-container\">\n\t\t\t\t\t<h2 class=\"elementor-heading-title elementor-size-default\">Wir freuen uns auf Ihre Nachricht!<\/h2>\t\t\t\t<\/div>\n\t\t\t\t<\/div>\n\t\t\t\t<div class=\"elementor-element elementor-element-6a2b961 elementor-widget elementor-widget-text-editor\" data-id=\"6a2b961\" data-element_type=\"widget\" data-widget_type=\"text-editor.default\">\n\t\t\t\t<div class=\"elementor-widget-container\">\n\t\t\t\t\t\t\t\t\t<p>M\u00f6chten Sie mehr \u00fcber unsere Programme erfahren oder Iher Kind bei Klarheit GmbH anmelden? Wir stehen dir gerne zur Verf\u00fcgung!<\/p>\t\t\t\t\t\t\t\t<\/div>\n\t\t\t\t<\/div>\n\t\t\t\t<div class=\"elementor-element elementor-element-26e4e3f elementor-widget elementor-widget-button\" data-id=\"26e4e3f\" data-element_type=\"widget\" data-widget_type=\"button.default\">\n\t\t\t\t<div class=\"elementor-widget-container\">\n\t\t\t\t\t\t\t\t\t<div class=\"elementor-button-wrapper\">\n\t\t\t\t\t<a class=\"elementor-button elementor-button-link elementor-size-lg\" href=\"https:\/\/lernkompass-ug.de\/index.php\/contact\/\">\n\t\t\t\t\t\t<span class=\"elementor-button-content-wrapper\">\n\t\t\t\t\t\t\t\t\t<span class=\"elementor-button-text\">Kontaktieren Sie uns <\/span>\n\t\t\t\t\t<\/span>\n\t\t\t\t\t<\/a>\n\t\t\t\t<\/div>\n\t\t\t\t\t\t\t\t<\/div>\n\t\t\t\t<\/div>\n\t\t\t\t\t<\/div>\n\t\t<\/div>\n\t\t\t\t\t<\/div>\n\t\t<\/section>\n\t\t\t\t<section class=\"elementor-section elementor-top-section elementor-element elementor-element-4aae5c9 ct-section-stretched elementor-section-boxed elementor-section-height-default elementor-section-height-default\" data-id=\"4aae5c9\" data-element_type=\"section\" data-settings=\"{&quot;background_background&quot;:&quot;classic&quot;}\">\n\t\t\t\t\t\t<div class=\"elementor-container elementor-column-gap-no\">\n\t\t\t\t\t<div class=\"elementor-column elementor-col-100 elementor-top-column elementor-element elementor-element-9bfdf42\" data-id=\"9bfdf42\" data-element_type=\"column\">\n\t\t\t<div class=\"elementor-widget-wrap elementor-element-populated\">\n\t\t\t\t\t\t<div class=\"elementor-element elementor-element-baa28d8 elementor-widget elementor-widget-spacer\" data-id=\"baa28d8\" data-element_type=\"widget\" data-widget_type=\"spacer.default\">\n\t\t\t\t<div class=\"elementor-widget-container\">\n\t\t\t\t\t\t\t<div class=\"elementor-spacer\">\n\t\t\t<div class=\"elementor-spacer-inner\"><\/div>\n\t\t<\/div>\n\t\t\t\t\t\t<\/div>\n\t\t\t\t<\/div>\n\t\t\t\t\t<\/div>\n\t\t<\/div>\n\t\t\t\t\t<\/div>\n\t\t<\/section>\n\t\t\t\t<\/div>\n\t\t","protected":false},"excerpt":{"rendered":"<p>\u00dcber uns Mission und Werte Unsere Mission bei Lernkompass UG ist es, eine ganzheitliche Bildung f\u00fcr Kinder zu erm\u00f6glichen. Wir legen Wert darauf, nicht nur akademische F\u00e4higkeiten zu f\u00f6rdern, sondern auch pers\u00f6nliche Entwicklung zu unterst\u00fctzen. Mit den Grundpfeilern Individualit\u00e4t, Kreativit\u00e4t und Gemeinschaft schaffen wir eine inspirierende Lernumgebung, in der Kinder ihre Potenziale entfalten k\u00f6nnen. Erfolgs- [&hellip;]<\/p>\n","protected":false},"author":1,"featured_media":0,"parent":0,"menu_order":0,"comment_status":"closed","ping_status":"closed","template":"elementor_header_footer","meta":{"footnotes":""},"blocksy_meta":[],"_links":{"self":[{"href":"https:\/\/lernkompass-ug.de\/index.php\/wp-json\/wp\/v2\/pages\/768"}],"collection":[{"href":"https:\/\/lernkompass-ug.de\/index.php\/wp-json\/wp\/v2\/pages"}],"about":[{"href":"https:\/\/lernkompass-ug.de\/index.php\/wp-json\/wp\/v2\/types\/page"}],"author":[{"embeddable":true,"href":"https:\/\/lernkompass-ug.de\/index.php\/wp-json\/wp\/v2\/users\/1"}],"replies":[{"embeddable":true,"href":"https:\/\/lernkompass-ug.de\/index.php\/wp-json\/wp\/v2\/comments?post=768"}],"version-history":[{"count":46,"href":"https:\/\/lernkompass-ug.de\/index.php\/wp-json\/wp\/v2\/pages\/768\/revisions"}],"predecessor-version":[{"id":1767,"href":"https:\/\/lernkompass-ug.de\/index.php\/wp-json\/wp\/v2\/pages\/768\/revisions\/1767"}],"wp:attachment":[{"href":"https:\/\/lernkompass-ug.de\/index.php\/wp-json\/wp\/v2\/media?parent=768"}],"curies":[{"name":"wp","href":"https:\/\/api.w.org\/{rel}","templated":true}]}}