{"id":1264,"date":"2024-05-04T18:36:08","date_gmt":"2024-05-04T18:36:08","guid":{"rendered":"https:\/\/klarheit-edu.de\/?page_id=1264"},"modified":"2024-05-10T01:36:36","modified_gmt":"2024-05-10T01:36:36","slug":"einverstandniserklarung","status":"publish","type":"page","link":"https:\/\/lernkompass-ug.de\/index.php\/einverstandniserklarung\/","title":{"rendered":"Einverst\u00e4ndniserkl\u00e4rung"},"content":{"rendered":"\t\t<div data-elementor-type=\"wp-page\" data-elementor-id=\"1264\" class=\"elementor elementor-1264\">\n\t\t\t\t\t\t<section class=\"elementor-section elementor-top-section elementor-element elementor-element-3aaf4b0d ct-section-stretched elementor-section-boxed elementor-section-height-default elementor-section-height-default\" data-id=\"3aaf4b0d\" data-element_type=\"section\" data-settings=\"{&quot;background_background&quot;:&quot;classic&quot;}\">\n\t\t\t\t\t\t\t<div class=\"elementor-background-overlay\"><\/div>\n\t\t\t\t\t\t\t<div class=\"elementor-container elementor-column-gap-default\">\n\t\t\t\t\t<div class=\"elementor-column elementor-col-100 elementor-top-column elementor-element elementor-element-1a6c0c0d\" data-id=\"1a6c0c0d\" data-element_type=\"column\">\n\t\t\t<div class=\"elementor-widget-wrap elementor-element-populated\">\n\t\t\t\t\t\t<div class=\"elementor-element elementor-element-eec28da elementor-widget elementor-widget-heading\" data-id=\"eec28da\" data-element_type=\"widget\" data-widget_type=\"heading.default\">\n\t\t\t\t<div class=\"elementor-widget-container\">\n\t\t\t\t\t<h2 class=\"elementor-heading-title elementor-size-default\">Einverst\u00e4ndniserkl\u00e4rung<\/h2>\t\t\t\t<\/div>\n\t\t\t\t<\/div>\n\t\t\t\t\t<\/div>\n\t\t<\/div>\n\t\t\t\t\t<\/div>\n\t\t<\/section>\n\t\t<div class=\"elementor-element elementor-element-19f76633 e-flex e-con-boxed e-con e-parent\" data-id=\"19f76633\" data-element_type=\"container\">\n\t\t\t\t\t<div class=\"e-con-inner\">\n\t\t\t\t<div class=\"elementor-element elementor-element-ea583b4 elementor-widget elementor-widget-spacer\" data-id=\"ea583b4\" data-element_type=\"widget\" data-widget_type=\"spacer.default\">\n\t\t\t\t<div class=\"elementor-widget-container\">\n\t\t\t\t\t\t\t<div class=\"elementor-spacer\">\n\t\t\t<div class=\"elementor-spacer-inner\"><\/div>\n\t\t<\/div>\n\t\t\t\t\t\t<\/div>\n\t\t\t\t<\/div>\n\t\t\t\t<div class=\"elementor-element elementor-element-b0b7a11 elementor-widget elementor-widget-heading\" data-id=\"b0b7a11\" data-element_type=\"widget\" data-widget_type=\"heading.default\">\n\t\t\t\t<div class=\"elementor-widget-container\">\n\t\t\t\t\t<h2 class=\"elementor-heading-title elementor-size-default\">Einverst\u00e4ndniserkl\u00e4rung<\/h2>\t\t\t\t<\/div>\n\t\t\t\t<\/div>\n\t\t\t\t<div class=\"elementor-element elementor-element-990ff36 elementor-widget elementor-widget-spacer\" data-id=\"990ff36\" data-element_type=\"widget\" data-widget_type=\"spacer.default\">\n\t\t\t\t<div class=\"elementor-widget-container\">\n\t\t\t\t\t\t\t<div class=\"elementor-spacer\">\n\t\t\t<div class=\"elementor-spacer-inner\"><\/div>\n\t\t<\/div>\n\t\t\t\t\t\t<\/div>\n\t\t\t\t<\/div>\n\t\t\t\t<div class=\"elementor-element elementor-element-1feb657d elementor-widget elementor-widget-text-editor\" data-id=\"1feb657d\" data-element_type=\"widget\" data-widget_type=\"text-editor.default\">\n\t\t\t\t<div class=\"elementor-widget-container\">\n\t\t\t\t\t\t\t\t\t\n<blockquote class=\"wp-block-quote\">\n<h2 class=\"wp-block-heading\"><strong>Zweck der Verarbeitung:<\/strong><\/h2>\n\n<p>Das Videomaterial dient nur der \u00d6ffentlichkeitsarbeit unserer Institution Akademisches Bildungszentrum.<\/p>\n\n<h2 class=\"wp-block-heading\"><strong>Rechtsgrundlagen der Verarbeitung:<\/strong><\/h2>\n\n<p>Die Verarbeitung von Fotos und\/oder Videos (Erhebung, Speicherung und Weitergabe an Dritte (s. unter 5.) erfolgt aufgrund ausdr\u00fccklicher Einwilligung des\/der Personensorgeberechtigten bzw. des\/der Betroffenen, mithin gem\u00e4\u00df Art. 6 Abs. 1 Buchstabe a DSGVO. Die Ver\u00f6ffentlichung ausgew\u00e4hlter Bilddateien in (Print) Publikationen des\/der Veranstalters\/-in sowie auf deren Homepage \/Facebookaccount o.\u00e4. ist f\u00fcr die \u00d6ffentlichkeitsarbeit des\/der Veranstalters\/-in erforderlich und dient damit der Wahrnehmung berechtigter Interessen der Beteiligten, Art. 6 Abs. 1 Buchstabe f DSGVO.<\/p>\n\n<h2 class=\"wp-block-heading\"><strong>Kategorien von Empf\u00e4nger\/innen der personenbezogenen Daten:<\/strong><\/h2>\n\n<p>Die Fotos, Videos und\/oder pers\u00f6nlichen Daten werden nicht an Dritte weitergegeben.<\/p>\n\n<p>Zu Zwecken der \u00d6ffentlichkeitsarbeit werden sie ggf. auf der Homepage des Akademischen Bildungszentrum gGmpH. eingestellt sowie f\u00fcr die Facebook-Seite des Vereins verwendet.<\/p>\n\n<h2 class=\"wp-block-heading\"><strong>Dauer der Speicherung der personenbezogenen Daten:<\/strong><\/h2>\n\n<p>Fotos, Videos und\/oder pers\u00f6nlichen Daten, welche f\u00fcr die Zwecke der \u00d6ffentlichkeitsarbeit des Akademischen Bildungszentrum gGmpH. gemacht werden, werden vorbehaltlich eines Widerrufs der Einwilligung des\/der Betroffenen auf unbestimmte Zeit zweckgebunden gespeichert.<\/p>\n\n<h2 class=\"wp-block-heading\"><strong>Widerrufsrecht bei Einwilligung:<\/strong><\/h2>\n\n<p>Die Einwilligung zur Verarbeitung der Fotos, Videos und\/oder pers\u00f6nlichen Daten kann jederzeit f\u00fcr die Zukunft widerrufen werden. Die Rechtm\u00e4\u00dfigkeit, der aufgrund der Einwilligung bis zum Widerruf erfolgten Datenverarbeitung wird durch diesen nicht ber\u00fchrt.<\/p>\n\n<h2 class=\"wp-block-heading\"><strong>Betroffenenrechte:<\/strong><\/h2>\n\n<p>Nach der Datenschutzgrundverordnung stehen Ihnen folgende Rechte zu:<\/p>\n\n<p>Werden ihre personenbezogenen Daten verarbeitet, so haben sie das Recht Auskunft \u00fcber die zu ihrer Person gespeicherten Daten zu erhalten. (Art. 15 DSGVO)<\/p>\n\n<p>Sollten unrichtige personenbezogenen Daten verarbeitet werden, steht Ihnen ein Recht auf Berichtigung zu. (Art. 16 DSGVO)<\/p>\n\n<p>Liegen die gesetzlichen Voraussetzungen vor, so k\u00f6nnen Sie die L\u00f6schung oder Einschr\u00e4nkung der Verarbeitung verlangen sowie Widerspruch gegen die Verarbeitung einlegen. (Art. 17, 18, 21 DSGVO)<\/p>\n\n<p>Wenn Sie in die Datenverarbeitung eingewilligt haben oder ein Vertrag zur Datenverarbeitung besteht und die Datenverarbeitung mithilfe automatisierter Verfahren durchgef\u00fchrt wird, steht Ihnen gegebenenfalls ein Recht auf Daten\u00fcbertragbarkeit zu. (Art. 20 DSGVO)<\/p>\n\n<p>Sollten Sie von den genannten Rechten Gebrauch machen, pr\u00fcft der\/die Verantwortliche, ob die gesetzlichen Voraussetzungen hierf\u00fcr vorliegen. Weiterhin besteht ein Beschwerderecht bei der Landesbeauftragten f\u00fcr Datenschutz des Landes Brandenburg.<\/p>\n\n<p>Diese Einverst\u00e4ndniserkl\u00e4rung ist freiwillig und kann gegen\u00fcber der ferma jederzeit mit Wirkung f\u00fcr die Zukunft widerrufen werden. Sind die Aufnahmen im Internet verf\u00fcgbar, erfolgt die Entfernung, soweit dies der ferma m\u00f6glich ist.<\/p>\n\n<p>Mir ist bekannt, dass ich durch die Angabe meiner Unterschrift sowie Ort und Datum, dieser Erkl\u00e4rung meine volle Zustimmung erteile.<\/p>\n\n<p>Ort, Datum: Unterschrift:<\/p>\n\n<p>\u00a0<\/p>\n<\/blockquote>\n\t\t\t\t\t\t\t\t<\/div>\n\t\t\t\t<\/div>\n\t\t\t\t\t<\/div>\n\t\t\t\t<\/div>\n\t\t\t\t<\/div>\n\t\t","protected":false},"excerpt":{"rendered":"<p>Einverst\u00e4ndniserkl\u00e4rung Einverst\u00e4ndniserkl\u00e4rung Zweck der Verarbeitung: Das Videomaterial dient nur der \u00d6ffentlichkeitsarbeit unserer Institution Akademisches Bildungszentrum. Rechtsgrundlagen der Verarbeitung: Die Verarbeitung von Fotos und\/oder Videos (Erhebung, Speicherung und Weitergabe an Dritte (s. unter 5.) erfolgt aufgrund ausdr\u00fccklicher Einwilligung des\/der Personensorgeberechtigten bzw. des\/der Betroffenen, mithin gem\u00e4\u00df Art. 6 Abs. 1 Buchstabe a DSGVO. Die Ver\u00f6ffentlichung ausgew\u00e4hlter Bilddateien [&hellip;]<\/p>\n","protected":false},"author":2,"featured_media":0,"parent":0,"menu_order":0,"comment_status":"closed","ping_status":"closed","template":"elementor_header_footer","meta":{"footnotes":""},"blocksy_meta":[],"_links":{"self":[{"href":"https:\/\/lernkompass-ug.de\/index.php\/wp-json\/wp\/v2\/pages\/1264"}],"collection":[{"href":"https:\/\/lernkompass-ug.de\/index.php\/wp-json\/wp\/v2\/pages"}],"about":[{"href":"https:\/\/lernkompass-ug.de\/index.php\/wp-json\/wp\/v2\/types\/page"}],"author":[{"embeddable":true,"href":"https:\/\/lernkompass-ug.de\/index.php\/wp-json\/wp\/v2\/users\/2"}],"replies":[{"embeddable":true,"href":"https:\/\/lernkompass-ug.de\/index.php\/wp-json\/wp\/v2\/comments?post=1264"}],"version-history":[{"count":22,"href":"https:\/\/lernkompass-ug.de\/index.php\/wp-json\/wp\/v2\/pages\/1264\/revisions"}],"predecessor-version":[{"id":1528,"href":"https:\/\/lernkompass-ug.de\/index.php\/wp-json\/wp\/v2\/pages\/1264\/revisions\/1528"}],"wp:attachment":[{"href":"https:\/\/lernkompass-ug.de\/index.php\/wp-json\/wp\/v2\/media?parent=1264"}],"curies":[{"name":"wp","href":"https:\/\/api.w.org\/{rel}","templated":true}]}}