{"id":1080,"date":"2024-02-27T17:53:25","date_gmt":"2024-02-27T17:53:25","guid":{"rendered":"https:\/\/klarheit-edu.de\/?page_id=1080"},"modified":"2024-05-10T14:22:56","modified_gmt":"2024-05-10T14:22:56","slug":"anmeldung-kopfrechnen","status":"publish","type":"page","link":"https:\/\/lernkompass-ug.de\/index.php\/anmeldung-kopfrechnen\/","title":{"rendered":"Anmeldung"},"content":{"rendered":"\t\t<div data-elementor-type=\"wp-page\" data-elementor-id=\"1080\" class=\"elementor elementor-1080\">\n\t\t\t\t\t\t<section class=\"elementor-section elementor-top-section elementor-element elementor-element-54a6632a ct-section-stretched elementor-section-boxed elementor-section-height-default elementor-section-height-default\" data-id=\"54a6632a\" data-element_type=\"section\" data-settings=\"{&quot;background_background&quot;:&quot;classic&quot;,&quot;shape_divider_top&quot;:&quot;mountains&quot;}\">\n\t\t\t\t\t\t\t<div class=\"elementor-background-overlay\"><\/div>\n\t\t\t\t\t\t<div class=\"elementor-shape elementor-shape-top\" data-negative=\"false\">\n\t\t\t<svg xmlns=\"http:\/\/www.w3.org\/2000\/svg\" viewBox=\"0 0 1000 100\" preserveAspectRatio=\"none\">\n\t<path class=\"elementor-shape-fill\" opacity=\"0.33\" d=\"M473,67.3c-203.9,88.3-263.1-34-320.3,0C66,119.1,0,59.7,0,59.7V0h1000v59.7 c0,0-62.1,26.1-94.9,29.3c-32.8,3.3-62.8-12.3-75.8-22.1C806,49.6,745.3,8.7,694.9,4.7S492.4,59,473,67.3z\"\/>\n\t<path class=\"elementor-shape-fill\" opacity=\"0.66\" d=\"M734,67.3c-45.5,0-77.2-23.2-129.1-39.1c-28.6-8.7-150.3-10.1-254,39.1 s-91.7-34.4-149.2,0C115.7,118.3,0,39.8,0,39.8V0h1000v36.5c0,0-28.2-18.5-92.1-18.5C810.2,18.1,775.7,67.3,734,67.3z\"\/>\n\t<path class=\"elementor-shape-fill\" d=\"M766.1,28.9c-200-57.5-266,65.5-395.1,19.5C242,1.8,242,5.4,184.8,20.6C128,35.8,132.3,44.9,89.9,52.5C28.6,63.7,0,0,0,0 h1000c0,0-9.9,40.9-83.6,48.1S829.6,47,766.1,28.9z\"\/>\n<\/svg>\t\t<\/div>\n\t\t\t\t\t<div class=\"elementor-container elementor-column-gap-default\">\n\t\t\t\t\t<div class=\"elementor-column elementor-col-100 elementor-top-column elementor-element elementor-element-4f420f47\" data-id=\"4f420f47\" data-element_type=\"column\">\n\t\t\t<div class=\"elementor-widget-wrap elementor-element-populated\">\n\t\t\t\t\t\t<div class=\"elementor-element elementor-element-7e8ab8ac elementor-widget elementor-widget-heading\" data-id=\"7e8ab8ac\" data-element_type=\"widget\" data-widget_type=\"heading.default\">\n\t\t\t\t<div class=\"elementor-widget-container\">\n\t\t\t\t\t<h2 class=\"elementor-heading-title elementor-size-default\">Anmeldungsformular<\/h2>\t\t\t\t<\/div>\n\t\t\t\t<\/div>\n\t\t\t\t\t<\/div>\n\t\t<\/div>\n\t\t\t\t\t<\/div>\n\t\t<\/section>\n\t\t\t\t<section class=\"elementor-section elementor-top-section elementor-element elementor-element-25a7b2a elementor-section-boxed elementor-section-height-default elementor-section-height-default\" data-id=\"25a7b2a\" data-element_type=\"section\">\n\t\t\t\t\t\t<div class=\"elementor-container elementor-column-gap-no\">\n\t\t\t\t\t<div class=\"elementor-column elementor-col-100 elementor-top-column elementor-element elementor-element-e54e83b\" data-id=\"e54e83b\" data-element_type=\"column\">\n\t\t\t<div class=\"elementor-widget-wrap elementor-element-populated\">\n\t\t\t\t\t\t<div class=\"elementor-element elementor-element-0576fa9 elementor-widget elementor-widget-spacer\" data-id=\"0576fa9\" data-element_type=\"widget\" data-widget_type=\"spacer.default\">\n\t\t\t\t<div class=\"elementor-widget-container\">\n\t\t\t\t\t\t\t<div class=\"elementor-spacer\">\n\t\t\t<div class=\"elementor-spacer-inner\"><\/div>\n\t\t<\/div>\n\t\t\t\t\t\t<\/div>\n\t\t\t\t<\/div>\n\t\t\t\t\t<\/div>\n\t\t<\/div>\n\t\t\t\t\t<\/div>\n\t\t<\/section>\n\t\t<div class=\"elementor-element elementor-element-4f48677 e-flex e-con-boxed e-con e-parent\" data-id=\"4f48677\" data-element_type=\"container\">\n\t\t\t\t\t<div class=\"e-con-inner\">\n\t\t\t\t<div class=\"elementor-element elementor-element-1907916 elementor-widget elementor-widget-wpforms\" data-id=\"1907916\" data-element_type=\"widget\" data-widget_type=\"wpforms.default\">\n\t\t\t\t<div class=\"elementor-widget-container\">\n\t\t\t\t\t<div class=\"wpforms-container wpforms-render-modern\" id=\"wpforms-1119\"><form id=\"wpforms-form-1119\" class=\"wpforms-validate wpforms-form\" data-formid=\"1119\" method=\"post\" enctype=\"multipart\/form-data\" action=\"\/index.php\/wp-json\/wp\/v2\/pages\/1080\" data-token=\"ae91601b9ea24851d20e77c6053319c4\" data-token-time=\"1776764655\"><noscript class=\"wpforms-error-noscript\">Please enable JavaScript in your browser to complete this form.<\/noscript><div class=\"wpforms-hidden\" id=\"wpforms-error-noscript\">Please enable JavaScript in your browser to complete this form.<\/div><div class=\"wpforms-field-container\"><div id=\"wpforms-1119-field_9-container\" class=\"wpforms-field wpforms-field-select wpforms-field-select-style-classic\" data-field-id=\"9\"><label class=\"wpforms-field-label\" for=\"wpforms-1119-field_9\">Stadt <span class=\"wpforms-required-label\" aria-hidden=\"true\">*<\/span><\/label><select id=\"wpforms-1119-field_9\" class=\"wpforms-field-medium wpforms-field-required\" name=\"wpforms[fields][9]\" required=\"required\"><option value=\"\" class=\"placeholder\" disabled  selected='selected'>W\u00e4hle Stadt<\/option><option value=\"Dortmund\" >Dortmund<\/option><option value=\"Bochum\" >Bochum<\/option><option value=\"Essen\" >Essen<\/option><option value=\"Herne\" >Herne<\/option><option value=\"Wuppertal\" >Wuppertal<\/option><\/select><\/div><div id=\"wpforms-1119-field_0-container\" class=\"wpforms-field wpforms-field-name\" data-field-id=\"0\"><fieldset><legend class=\"wpforms-field-label\">Name des Kindes <span class=\"wpforms-required-label\" aria-hidden=\"true\">*<\/span><\/legend><div class=\"wpforms-field-row wpforms-field-large\"><div class=\"wpforms-field-row-block wpforms-first wpforms-one-half\"><input type=\"text\" id=\"wpforms-1119-field_0\" class=\"wpforms-field-name-first wpforms-field-required\" name=\"wpforms[fields][0][first]\" placeholder=\"Vorname\" aria-errormessage=\"wpforms-1119-field_0-error\" required><label for=\"wpforms-1119-field_0\" class=\"wpforms-field-sublabel after wpforms-sublabel-hide\">First<\/label><\/div><div class=\"wpforms-field-row-block wpforms-one-half\"><input type=\"text\" id=\"wpforms-1119-field_0-last\" class=\"wpforms-field-name-last wpforms-field-required\" name=\"wpforms[fields][0][last]\" placeholder=\"Nachname\" aria-errormessage=\"wpforms-1119-field_0-last-error\" required><label for=\"wpforms-1119-field_0-last\" class=\"wpforms-field-sublabel after wpforms-sublabel-hide\">Last<\/label><\/div><\/div><\/fieldset><\/div><div id=\"wpforms-1119-field_27-container\" class=\"wpforms-field wpforms-field-select wpforms-field-select-style-classic\" data-field-id=\"27\"><label class=\"wpforms-field-label\" for=\"wpforms-1119-field_27\">Klasse<\/label><select id=\"wpforms-1119-field_27\" class=\"wpforms-field-small\" name=\"wpforms[fields][27]\"><option value=\"1.\" >1.<\/option><option value=\"2.\" >2.<\/option><option value=\"3.\" >3.<\/option><option value=\"4.\" >4.<\/option><option value=\"5.\" >5.<\/option><option value=\"6.\" >6.<\/option><option value=\"7.\" >7.<\/option><option value=\"8.\" >8.<\/option><option value=\"9.\" >9.<\/option><option value=\"10.\" >10.<\/option><option value=\"11.\" >11.<\/option><option value=\"12.\" >12.<\/option><\/select><\/div><div id=\"wpforms-1119-field_15-container\" class=\"wpforms-field wpforms-field-select wpforms-field-select-style-classic\" data-field-id=\"15\"><label class=\"wpforms-field-label\" for=\"wpforms-1119-field_15\">Geschlecht<\/label><select id=\"wpforms-1119-field_15\" class=\"wpforms-field-small\" name=\"wpforms[fields][15]\"><option value=\"\" class=\"placeholder\" disabled  selected='selected'>W\u00e4hle Geschlecht<\/option><option value=\"M\u00e4nnlich\" >M\u00e4nnlich<\/option><option value=\"Weiblich\" >Weiblich<\/option><\/select><\/div><div id=\"wpforms-1119-field_16-container\" class=\"wpforms-field wpforms-field-text\" data-field-id=\"16\"><label class=\"wpforms-field-label\" for=\"wpforms-1119-field_16\">Nationalit\u00e4t<\/label><input type=\"text\" id=\"wpforms-1119-field_16\" class=\"wpforms-field-medium\" name=\"wpforms[fields][16]\" aria-errormessage=\"wpforms-1119-field_16-error\" ><\/div><div id=\"wpforms-1119-field_19-container\" class=\"wpforms-field wpforms-field-name\" data-field-id=\"19\"><fieldset><legend class=\"wpforms-field-label\">Erziehungsberechtigter <span class=\"wpforms-required-label\" aria-hidden=\"true\">*<\/span><\/legend><div class=\"wpforms-field-row wpforms-field-large\"><div class=\"wpforms-field-row-block wpforms-first wpforms-one-half\"><input type=\"text\" id=\"wpforms-1119-field_19\" class=\"wpforms-field-name-first wpforms-field-required\" name=\"wpforms[fields][19][first]\" placeholder=\"Vorname\" aria-errormessage=\"wpforms-1119-field_19-error\" required><label for=\"wpforms-1119-field_19\" class=\"wpforms-field-sublabel after wpforms-sublabel-hide\">First<\/label><\/div><div class=\"wpforms-field-row-block wpforms-one-half\"><input type=\"text\" id=\"wpforms-1119-field_19-last\" class=\"wpforms-field-name-last wpforms-field-required\" name=\"wpforms[fields][19][last]\" placeholder=\"Nachname\" aria-errormessage=\"wpforms-1119-field_19-last-error\" required><label for=\"wpforms-1119-field_19-last\" class=\"wpforms-field-sublabel after wpforms-sublabel-hide\">Last<\/label><\/div><\/div><\/fieldset><\/div><div id=\"wpforms-1119-field_1-container\" class=\"wpforms-field wpforms-field-email\" data-field-id=\"1\"><label class=\"wpforms-field-label\" for=\"wpforms-1119-field_1\">Beziehung <span class=\"wpforms-required-label\" aria-hidden=\"true\">*<\/span><\/label><input type=\"email\" id=\"wpforms-1119-field_1\" class=\"wpforms-field-large wpforms-field-required\" name=\"wpforms[fields][1]\" spellcheck=\"false\" aria-errormessage=\"wpforms-1119-field_1-error\" required><\/div><div id=\"wpforms-1119-field_32-container\" class=\"wpforms-field wpforms-field-text\" data-field-id=\"32\"><label class=\"wpforms-field-label\" for=\"wpforms-1119-field_32\">Adresse <span class=\"wpforms-required-label\" aria-hidden=\"true\">*<\/span><\/label><input type=\"text\" id=\"wpforms-1119-field_32\" class=\"wpforms-field-medium wpforms-field-required\" name=\"wpforms[fields][32]\" aria-errormessage=\"wpforms-1119-field_32-error\" required><\/div><div id=\"wpforms-1119-field_29-container\" class=\"wpforms-field wpforms-field-text\" data-field-id=\"29\"><label class=\"wpforms-field-label\" for=\"wpforms-1119-field_29\">Telefonnummer <span class=\"wpforms-required-label\" aria-hidden=\"true\">*<\/span><\/label><input type=\"text\" id=\"wpforms-1119-field_29\" class=\"wpforms-field-medium wpforms-field-required\" name=\"wpforms[fields][29]\" aria-errormessage=\"wpforms-1119-field_29-error\" required><\/div><div id=\"wpforms-1119-field_30-container\" class=\"wpforms-field wpforms-field-email\" data-field-id=\"30\"><fieldset><legend class=\"wpforms-field-label\">Email<\/legend><div class=\"wpforms-field-row wpforms-field-medium\"><div class=\"wpforms-field-row-block wpforms-one-half wpforms-first\"><input type=\"email\" id=\"wpforms-1119-field_30\" class=\"wpforms-field-email-primary\" name=\"wpforms[fields][30][primary]\" spellcheck=\"false\" aria-errormessage=\"wpforms-1119-field_30-error\" ><label for=\"wpforms-1119-field_30\" class=\"wpforms-field-sublabel after\">Email<\/label><\/div><div class=\"wpforms-field-row-block wpforms-one-half\"><input type=\"email\" id=\"wpforms-1119-field_30-secondary\" class=\"wpforms-field-email-secondary\" data-rule-confirm=\"#wpforms-1119-field_30\" name=\"wpforms[fields][30][secondary]\" spellcheck=\"false\" aria-errormessage=\"wpforms-1119-field_30-secondary-error\" ><label for=\"wpforms-1119-field_30-secondary\" class=\"wpforms-field-sublabel after\">Confirm Email<\/label><\/div><\/div><\/fieldset><\/div><div id=\"wpforms-1119-field_31-container\" class=\"wpforms-field wpforms-field-checkbox\" data-field-id=\"31\"><fieldset><legend class=\"wpforms-field-label\">Kursauswahl <span class=\"wpforms-required-label\" aria-hidden=\"true\">*<\/span><\/legend><ul id=\"wpforms-1119-field_31\" class=\"wpforms-field-required\"><li class=\"choice-1 depth-1\"><input type=\"checkbox\" id=\"wpforms-1119-field_31_1\" name=\"wpforms[fields][31][]\" value=\"Nachhilfe\" aria-errormessage=\"wpforms-1119-field_31_1-error\" required ><label class=\"wpforms-field-label-inline\" for=\"wpforms-1119-field_31_1\">Nachhilfe<\/label><\/li><li class=\"choice-3 depth-1\"><input type=\"checkbox\" id=\"wpforms-1119-field_31_3\" name=\"wpforms[fields][31][]\" value=\"Kopfrechnen\" aria-errormessage=\"wpforms-1119-field_31_3-error\" required ><label class=\"wpforms-field-label-inline\" for=\"wpforms-1119-field_31_3\">Kopfrechnen<\/label><\/li><li class=\"choice-5 depth-1\"><input type=\"checkbox\" id=\"wpforms-1119-field_31_5\" name=\"wpforms[fields][31][]\" value=\"Sprachkurse\" aria-errormessage=\"wpforms-1119-field_31_5-error\" required ><label class=\"wpforms-field-label-inline\" for=\"wpforms-1119-field_31_5\">Sprachkurse<\/label><\/li><li class=\"choice-6 depth-1\"><input type=\"checkbox\" id=\"wpforms-1119-field_31_6\" name=\"wpforms[fields][31][]\" value=\"Freizeitaktivit\u00e4t\" aria-errormessage=\"wpforms-1119-field_31_6-error\" required ><label class=\"wpforms-field-label-inline\" for=\"wpforms-1119-field_31_6\">Freizeitaktivit\u00e4t<\/label><\/li><\/ul><\/fieldset><\/div><div id=\"wpforms-1119-field_2-container\" class=\"wpforms-field wpforms-field-textarea\" data-field-id=\"2\"><label class=\"wpforms-field-label\" for=\"wpforms-1119-field_2\">Nachricht<\/label><textarea id=\"wpforms-1119-field_2\" class=\"wpforms-field-medium\" name=\"wpforms[fields][2]\" aria-errormessage=\"wpforms-1119-field_2-error\" ><\/textarea><\/div><\/div><!-- .wpforms-field-container --><div class=\"wpforms-submit-container\" ><input type=\"hidden\" name=\"wpforms[id]\" value=\"1119\"><input type=\"hidden\" name=\"page_title\" value=\"\"><input type=\"hidden\" name=\"page_url\" value=\"https:\/\/lernkompass-ug.de\/index.php\/wp-json\/wp\/v2\/pages\/1080\"><input type=\"hidden\" name=\"url_referer\" value=\"\"><button type=\"submit\" name=\"wpforms[submit]\" id=\"wpforms-submit-1119\" class=\"wpforms-submit\" data-alt-text=\"Wird gesendet...\" data-submit-text=\"Senden\" aria-live=\"assertive\" value=\"wpforms-submit\">Senden<\/button><\/div><\/form><\/div>  <!-- .wpforms-container -->\t\t\t\t<\/div>\n\t\t\t\t<\/div>\n\t\t\t\t<div class=\"elementor-element elementor-element-a9be8ff elementor-widget elementor-widget-spacer\" data-id=\"a9be8ff\" data-element_type=\"widget\" data-widget_type=\"spacer.default\">\n\t\t\t\t<div class=\"elementor-widget-container\">\n\t\t\t\t\t\t\t<div class=\"elementor-spacer\">\n\t\t\t<div class=\"elementor-spacer-inner\"><\/div>\n\t\t<\/div>\n\t\t\t\t\t\t<\/div>\n\t\t\t\t<\/div>\n\t\t\t\t\t<\/div>\n\t\t\t\t<\/div>\n\t\t\t\t<section class=\"elementor-section elementor-top-section elementor-element elementor-element-2959167 elementor-section-boxed elementor-section-height-default elementor-section-height-default\" data-id=\"2959167\" data-element_type=\"section\" data-settings=\"{&quot;background_background&quot;:&quot;classic&quot;}\">\n\t\t\t\t\t\t<div class=\"elementor-container elementor-column-gap-default\">\n\t\t\t\t\t<div class=\"elementor-column elementor-col-100 elementor-top-column elementor-element elementor-element-4358def\" data-id=\"4358def\" data-element_type=\"column\">\n\t\t\t<div class=\"elementor-widget-wrap elementor-element-populated\">\n\t\t\t\t\t\t<div class=\"elementor-element elementor-element-5a16e14 elementor-widget elementor-widget-heading\" data-id=\"5a16e14\" data-element_type=\"widget\" data-widget_type=\"heading.default\">\n\t\t\t\t<div class=\"elementor-widget-container\">\n\t\t\t\t\t<h2 class=\"elementor-heading-title elementor-size-default\">Wir freuen uns auf Ihre Nachricht!<\/h2>\t\t\t\t<\/div>\n\t\t\t\t<\/div>\n\t\t\t\t<div class=\"elementor-element elementor-element-b3e420d elementor-widget elementor-widget-text-editor\" data-id=\"b3e420d\" data-element_type=\"widget\" data-widget_type=\"text-editor.default\">\n\t\t\t\t<div class=\"elementor-widget-container\">\n\t\t\t\t\t\t\t\t\t<p>M\u00f6chten Sie mehr \u00fcber unsere Programme erfahren oder Iher Kind bei Klarheit GmbH anmelden? Wir stehen dir gerne zur Verf\u00fcgung!<\/p>\t\t\t\t\t\t\t\t<\/div>\n\t\t\t\t<\/div>\n\t\t\t\t<div class=\"elementor-element elementor-element-efdad60 elementor-widget elementor-widget-button\" data-id=\"efdad60\" data-element_type=\"widget\" data-widget_type=\"button.default\">\n\t\t\t\t<div class=\"elementor-widget-container\">\n\t\t\t\t\t\t\t\t\t<div class=\"elementor-button-wrapper\">\n\t\t\t\t\t<a class=\"elementor-button elementor-button-link elementor-size-lg\" href=\"https:\/\/klarheit-edu.de\/index.php\/contact\/\">\n\t\t\t\t\t\t<span class=\"elementor-button-content-wrapper\">\n\t\t\t\t\t\t\t\t\t<span class=\"elementor-button-text\">Kontaktieren Sie uns <\/span>\n\t\t\t\t\t<\/span>\n\t\t\t\t\t<\/a>\n\t\t\t\t<\/div>\n\t\t\t\t\t\t\t\t<\/div>\n\t\t\t\t<\/div>\n\t\t\t\t\t<\/div>\n\t\t<\/div>\n\t\t\t\t\t<\/div>\n\t\t<\/section>\n\t\t\t\t<section class=\"elementor-section elementor-top-section elementor-element elementor-element-de5eb86 ct-section-stretched elementor-section-boxed elementor-section-height-default elementor-section-height-default\" data-id=\"de5eb86\" data-element_type=\"section\" data-settings=\"{&quot;background_background&quot;:&quot;classic&quot;}\">\n\t\t\t\t\t\t<div class=\"elementor-container elementor-column-gap-no\">\n\t\t\t\t\t<div class=\"elementor-column elementor-col-100 elementor-top-column elementor-element elementor-element-767af5f\" data-id=\"767af5f\" data-element_type=\"column\">\n\t\t\t<div class=\"elementor-widget-wrap elementor-element-populated\">\n\t\t\t\t\t\t<div class=\"elementor-element elementor-element-ccb799c elementor-widget elementor-widget-spacer\" data-id=\"ccb799c\" data-element_type=\"widget\" data-widget_type=\"spacer.default\">\n\t\t\t\t<div class=\"elementor-widget-container\">\n\t\t\t\t\t\t\t<div class=\"elementor-spacer\">\n\t\t\t<div class=\"elementor-spacer-inner\"><\/div>\n\t\t<\/div>\n\t\t\t\t\t\t<\/div>\n\t\t\t\t<\/div>\n\t\t\t\t\t<\/div>\n\t\t<\/div>\n\t\t\t\t\t<\/div>\n\t\t<\/section>\n\t\t\t\t<\/div>\n\t\t","protected":false},"excerpt":{"rendered":"<p>Anmeldungsformular Please enable JavaScript in your browser to complete this form.Please enable JavaScript in your browser to complete this form.Stadt *W\u00e4hle StadtDortmundBochumEssenHerneWuppertal Name des Kindes * FirstLast Klasse1.2.3.4.5.6.7.8.9.10.11.12.GeschlechtW\u00e4hle GeschlechtM\u00e4nnlichWeiblichNationalit\u00e4t Erziehungsberechtigter * FirstLast Beziehung *Adresse *Telefonnummer * Email EmailConfirm Email Kursauswahl * Nachhilfe Arabisch Sprachkurs Kopfrechnen Online Arabisch Sprachkurs Nachricht Senden Wir freuen uns auf Ihre [&hellip;]<\/p>\n","protected":false},"author":1,"featured_media":0,"parent":0,"menu_order":0,"comment_status":"closed","ping_status":"closed","template":"elementor_header_footer","meta":{"footnotes":""},"blocksy_meta":[],"_links":{"self":[{"href":"https:\/\/lernkompass-ug.de\/index.php\/wp-json\/wp\/v2\/pages\/1080"}],"collection":[{"href":"https:\/\/lernkompass-ug.de\/index.php\/wp-json\/wp\/v2\/pages"}],"about":[{"href":"https:\/\/lernkompass-ug.de\/index.php\/wp-json\/wp\/v2\/types\/page"}],"author":[{"embeddable":true,"href":"https:\/\/lernkompass-ug.de\/index.php\/wp-json\/wp\/v2\/users\/1"}],"replies":[{"embeddable":true,"href":"https:\/\/lernkompass-ug.de\/index.php\/wp-json\/wp\/v2\/comments?post=1080"}],"version-history":[{"count":32,"href":"https:\/\/lernkompass-ug.de\/index.php\/wp-json\/wp\/v2\/pages\/1080\/revisions"}],"predecessor-version":[{"id":1652,"href":"https:\/\/lernkompass-ug.de\/index.php\/wp-json\/wp\/v2\/pages\/1080\/revisions\/1652"}],"wp:attachment":[{"href":"https:\/\/lernkompass-ug.de\/index.php\/wp-json\/wp\/v2\/media?parent=1080"}],"curies":[{"name":"wp","href":"https:\/\/api.w.org\/{rel}","templated":true}]}}