{"id":1000,"date":"2024-02-27T16:05:18","date_gmt":"2024-02-27T16:05:18","guid":{"rendered":"https:\/\/klarheit-edu.de\/?page_id=1000"},"modified":"2024-11-24T21:13:26","modified_gmt":"2024-11-24T21:13:26","slug":"sprachkurse","status":"publish","type":"page","link":"https:\/\/lernkompass-ug.de\/index.php\/sprachkurse\/","title":{"rendered":"Sprachkurse"},"content":{"rendered":"\t\t<div data-elementor-type=\"wp-page\" data-elementor-id=\"1000\" class=\"elementor elementor-1000\">\n\t\t\t\t\t\t<section class=\"elementor-section elementor-top-section elementor-element elementor-element-12c3929d ct-section-stretched elementor-section-boxed elementor-section-height-default elementor-section-height-default\" data-id=\"12c3929d\" data-element_type=\"section\" data-settings=\"{&quot;background_background&quot;:&quot;classic&quot;}\">\n\t\t\t\t\t\t\t<div class=\"elementor-background-overlay\"><\/div>\n\t\t\t\t\t\t\t<div class=\"elementor-container elementor-column-gap-default\">\n\t\t\t\t\t<div class=\"elementor-column elementor-col-100 elementor-top-column elementor-element elementor-element-98a79c8\" data-id=\"98a79c8\" data-element_type=\"column\">\n\t\t\t<div class=\"elementor-widget-wrap elementor-element-populated\">\n\t\t\t\t\t\t<div class=\"elementor-element elementor-element-4539b400 elementor-widget elementor-widget-heading\" data-id=\"4539b400\" data-element_type=\"widget\" data-widget_type=\"heading.default\">\n\t\t\t\t<div class=\"elementor-widget-container\">\n\t\t\t\t\t<h2 class=\"elementor-heading-title elementor-size-default\">Sprachkurse<\/h2>\t\t\t\t<\/div>\n\t\t\t\t<\/div>\n\t\t\t\t\t<\/div>\n\t\t<\/div>\n\t\t\t\t\t<\/div>\n\t\t<\/section>\n\t\t<div class=\"elementor-element elementor-element-eee2c59 e-flex e-con-boxed e-con e-parent\" data-id=\"eee2c59\" data-element_type=\"container\">\n\t\t\t\t\t<div class=\"e-con-inner\">\n\t\t\t\t<div class=\"elementor-element elementor-element-349c6ab elementor-widget elementor-widget-heading\" data-id=\"349c6ab\" data-element_type=\"widget\" data-widget_type=\"heading.default\">\n\t\t\t\t<div class=\"elementor-widget-container\">\n\t\t\t\t\t<h2 class=\"elementor-heading-title elementor-size-default\">Sprachkurse<\/h2>\t\t\t\t<\/div>\n\t\t\t\t<\/div>\n\t\t\t\t<div class=\"elementor-element elementor-element-fe0217c elementor-widget elementor-widget-text-editor\" data-id=\"fe0217c\" data-element_type=\"widget\" data-widget_type=\"text-editor.default\">\n\t\t\t\t<div class=\"elementor-widget-container\">\n\t\t\t\t\t\t\t\t\t<p>Wir bieten Sprachkurse in verschiedenen Fremdsprachen, wie z.B. Arabisch, Englisch, Franz\u00f6sisch und Spanisch an. Diese Sprachkurse werden sowohl f\u00fcr Erwachsene als auch f\u00fcr Kinder angeboten.<\/p><p>In den oben angef\u00fchrten Sprachen k\u00f6nnen Sie auch entsprechende Pr\u00fcfungen der renommierten deutschen Institution Telc in Zusammenarbeit mit einem Partnerinstitut ablegen.<\/p><p>Das Ziel dieses Service\u2018 ist es, die erfolgreich Pr\u00fcfung zu belegen und den Sch\u00fclerInnen die notwendige Unterst\u00fctzung f\u00fcr die Umsetzung der gew\u00fcnschten Ergebnisse anzubieten.<\/p><p>Unser Institut bietet qualitativ hochwertige Lernmaterialien an, um den Sch\u00fclern zu helfen, sich besser auf die Pr\u00fcfung vorzubereiten und gibt Tipps und Anleitungen zur erfolgreichen Beantwortung der verschiedenen Fragen, die den Sch\u00fclerInnen in der Pr\u00fcfung gestellt werden k\u00f6nnen.<\/p><p><strong>Arabisch Pr\u00fcfung B1 Telc f\u00fcr Muttersprachler im Arabischen<\/strong><\/p><p>Lernkompass UG bietet einen B1 Telc Arabisch-Test an, um Sch\u00fclerInnenn, die von der zweiten Fremdsprache befreit werden m\u00f6chten, eine Bescheinigung zu geben, die sie an ihre Schulen weitergeben k\u00f6nnen. Die renommierte deutsche Institution Telc hat das ABZ autorisiert, diesen Test anzubieten.<\/p><p><strong>Freizeitaktivit\u00e4ten<\/strong><\/p><p>Wir arbeiten mit spezialisierten Teams zusammen, um Aktivit\u00e4ten und Freizeitveranstaltungen zu organisieren. Wir sorgen daf\u00fcr, dass eine sichere und angenehme Umgebung f\u00fcr Kinder geschaffen wird. Die Aktivit\u00e4ten werden sorgf\u00e4ltig ausgew\u00e4hlt, um verschiedenen Altersgruppen, Sprachniveaus und pers\u00f6nlichen Interessen der Sch\u00fclerInnen gerecht zu werden. Wir laden Kinder ein, sich uns anzuschlie\u00dfen und von n\u00fctzlichen und unterhaltsamen Freizeitaktivit\u00e4ten zu profitieren. Wir freuen uns darauf, dass Eltern das Gef\u00fchl haben, dass ihre Kinder bei uns in einer inspirierenden Lernumgebung lernen und wachsen.<\/p><p>Unser Institut bietet auch die Teilnahme an anregenden Lernwerkst\u00e4tten im Bereich Kunsthandwerk, Kochen, Musik, und anderen Bereichen an, die Kindern helfen, ihre kreativen F\u00e4higkeiten zu entwickeln.<\/p><p>Wir organisieren auch Ausfl\u00fcge, z.B. in Museen, Parks, und Sport-und Kulturveranstaltungen, um Sch\u00fclerInnen auch auf diese Weise eine umfassende Bildung zu vermitteln und eine Erweiterung ihres kulturellen Horizonts zu erm\u00f6glichen, um bspw. ihre direkte Umgebung besser kennenzulernen.<\/p>\t\t\t\t\t\t\t\t<\/div>\n\t\t\t\t<\/div>\n\t\t\t\t<div class=\"elementor-element elementor-element-4206dbc elementor-widget elementor-widget-button\" data-id=\"4206dbc\" data-element_type=\"widget\" data-widget_type=\"button.default\">\n\t\t\t\t<div class=\"elementor-widget-container\">\n\t\t\t\t\t\t\t\t\t<div class=\"elementor-button-wrapper\">\n\t\t\t\t\t<a class=\"elementor-button elementor-button-link elementor-size-sm\" href=\"https:\/\/lernkompass-ug.de\/index.php\/anmeldung-kopfrechnen\/\">\n\t\t\t\t\t\t<span class=\"elementor-button-content-wrapper\">\n\t\t\t\t\t\t\t\t\t<span class=\"elementor-button-text\">Anmelden<\/span>\n\t\t\t\t\t<\/span>\n\t\t\t\t\t<\/a>\n\t\t\t\t<\/div>\n\t\t\t\t\t\t\t\t<\/div>\n\t\t\t\t<\/div>\n\t\t\t\t\t<\/div>\n\t\t\t\t<\/div>\n\t\t\t\t<\/div>\n\t\t","protected":false},"excerpt":{"rendered":"<p>Sprachkurse Sprachkurse Wir bieten Sprachkurse in verschiedenen Fremdsprachen, wie z.B. Arabisch, Englisch, Franz\u00f6sisch und Spanisch an. Diese Sprachkurse werden sowohl f\u00fcr Erwachsene als auch f\u00fcr Kinder angeboten. In den oben angef\u00fchrten Sprachen k\u00f6nnen Sie auch entsprechende Pr\u00fcfungen der renommierten deutschen Institution Telc in Zusammenarbeit mit einem Partnerinstitut ablegen. Das Ziel dieses Service\u2018 ist es, die [&hellip;]<\/p>\n","protected":false},"author":1,"featured_media":0,"parent":0,"menu_order":0,"comment_status":"closed","ping_status":"closed","template":"elementor_header_footer","meta":{"footnotes":""},"blocksy_meta":[],"_links":{"self":[{"href":"https:\/\/lernkompass-ug.de\/index.php\/wp-json\/wp\/v2\/pages\/1000"}],"collection":[{"href":"https:\/\/lernkompass-ug.de\/index.php\/wp-json\/wp\/v2\/pages"}],"about":[{"href":"https:\/\/lernkompass-ug.de\/index.php\/wp-json\/wp\/v2\/types\/page"}],"author":[{"embeddable":true,"href":"https:\/\/lernkompass-ug.de\/index.php\/wp-json\/wp\/v2\/users\/1"}],"replies":[{"embeddable":true,"href":"https:\/\/lernkompass-ug.de\/index.php\/wp-json\/wp\/v2\/comments?post=1000"}],"version-history":[{"count":31,"href":"https:\/\/lernkompass-ug.de\/index.php\/wp-json\/wp\/v2\/pages\/1000\/revisions"}],"predecessor-version":[{"id":1774,"href":"https:\/\/lernkompass-ug.de\/index.php\/wp-json\/wp\/v2\/pages\/1000\/revisions\/1774"}],"wp:attachment":[{"href":"https:\/\/lernkompass-ug.de\/index.php\/wp-json\/wp\/v2\/media?parent=1000"}],"curies":[{"name":"wp","href":"https:\/\/api.w.org\/{rel}","templated":true}]}}